{"id":9460,"date":"2018-10-02T09:53:55","date_gmt":"2018-10-02T07:53:55","guid":{"rendered":"https:\/\/evokup.com\/?page_id=9460"},"modified":"2018-10-02T09:53:55","modified_gmt":"2018-10-02T07:53:55","slug":"paiement-securise","status":"publish","type":"page","link":"https:\/\/evokup.com\/en\/paiement-securise\/","title":{"rendered":"Paiement s\u00e9curis\u00e9"},"content":{"rendered":"<h3 style=\"text-align: justify;\"><strong>MON PAIEMENT EST-IL S\u00c9CURIS\u00c9 ?<\/strong><\/h3>\n<p style=\"text-align: justify;\">Au moment de votre r\u00e8glement, le symbole du cadenas appara\u00eet et indique que votre connexion est crypt\u00e9e et s\u00e9curis\u00e9e. Des serveurs d\u2019autorisation sont alors consult\u00e9s, afin de v\u00e9rifier ces donn\u00e9es et \u00e9viter les abus et les fraudes. La technologie de cryptage SSL permet de garantir la s\u00e9curit\u00e9 des informations que vous fournissez lors de la transaction bancaire.<\/p>\n<h3 style=\"text-align: justify;\"><strong>QUELS SONT LES MOYENS ET CONDITIONS DE PAIEMENT ?<\/strong><\/h3>\n<p style=\"text-align: justify;\">Toutes les transactions sur le site evokup.com sont effectu\u00e9es en Euros. nous acceptons comme moyen de paiement les cartes bancaires suivantes :\u00a0CB, VISA, VISA ELECTRON, American Express, Mastercard, Maestro, Paylib, Paypal.<\/p>\n<p style=\"text-align: justify;\">La transaction se fait sur la plateforme s\u00e9curis\u00e9e de Paypal ou de Stripe (selon votre choix). La solution Stripe s&#8217;appuie sur la plate-forme technique s\u00e9curis\u00e9e 3D secure. Si bien qu&#8217;aucune information bancaire concernant le Client ne transitera via le Site. Seule Stripe ou Paypal dispose des informations confidentielles (num\u00e9ro de carte, date de validit\u00e9\u2026) du Client, inaccessibles pour les tiers.<\/p>\n<p style=\"text-align: justify;\">La facture de chaque Commande est adress\u00e9e au Client avec un r\u00e9capitulatif de Commande. Un duplicata de facture peut \u00eatre t\u00e9l\u00e9charg\u00e9 et\/ou imprim\u00e9 dans l\u2019espace Client (si vous avez choisi de cr\u00e9er un compte client).<\/p>\n<h3 style=\"text-align: justify;\"><strong>MON PAIEMENT A \u00c9T\u00c9 REFUS\u00c9, POURQUOI ?<\/strong><\/h3>\n<p style=\"text-align: justify;\">Lors de la validation de commande, une pr\u00e9-autorisation est demand\u00e9e \u00e0 votre banque. en cas d\u2019avis d\u00e9favorable, nous refusons votre commande et ne proc\u00e9dons pas au traitement de celle-ci. Pour plus d\u2019informations, contactez le service clients via la page contact.<\/p>\n","protected":false},"excerpt":{"rendered":"<p>MON PAIEMENT EST-IL S\u00c9CURIS\u00c9 ? Au moment de votre r\u00e8glement, le symbole du cadenas appara\u00eet et indique que votre connexion est crypt\u00e9e et s\u00e9curis\u00e9e. Des serveurs d\u2019autorisation sont alors consult\u00e9s, afin de v\u00e9rifier ces donn\u00e9es et \u00e9viter les abus et les fraudes. La technologie de cryptage SSL permet de garantir la s\u00e9curit\u00e9 des informations que &hellip; <\/p>\n<p class=\"link-more\"><a href=\"https:\/\/evokup.com\/en\/paiement-securise\/\" class=\"more-link\">Read More <span class=\"screen-reader-text\"> &#8220;Paiement s\u00e9curis\u00e9&#8221;<\/span><\/a><\/p>\n","protected":false},"author":1,"featured_media":0,"parent":0,"menu_order":0,"comment_status":"closed","ping_status":"closed","template":"","meta":{"footnotes":""},"class_list":["post-9460","page","type-page","status-publish","hentry"],"yoast_head":"<!-- This site is optimized with the Yoast SEO plugin v25.1 - https:\/\/yoast.com\/wordpress\/plugins\/seo\/ -->\n<title>Paiement s\u00e9curis\u00e9 - Evokup<\/title>\n<meta name=\"robots\" content=\"index, follow, max-snippet:-1, max-image-preview:large, max-video-preview:-1\" \/>\n<link rel=\"canonical\" href=\"https:\/\/evokup.com\/paiement-securise\/\" \/>\n<meta property=\"og:locale\" content=\"en_US\" \/>\n<meta property=\"og:type\" content=\"article\" \/>\n<meta property=\"og:title\" content=\"Paiement s\u00e9curis\u00e9 - Evokup\" \/>\n<meta property=\"og:description\" content=\"MON PAIEMENT EST-IL S\u00c9CURIS\u00c9 ? Au moment de votre r\u00e8glement, le symbole du cadenas appara\u00eet et indique que votre connexion est crypt\u00e9e et s\u00e9curis\u00e9e. Des serveurs d\u2019autorisation sont alors consult\u00e9s, afin de v\u00e9rifier ces donn\u00e9es et \u00e9viter les abus et les fraudes. La technologie de cryptage SSL permet de garantir la s\u00e9curit\u00e9 des informations que &hellip; Read More &quot;Paiement s\u00e9curis\u00e9&quot;\" \/>\n<meta property=\"og:url\" content=\"https:\/\/evokup.com\/paiement-securise\/\" \/>\n<meta property=\"og:site_name\" content=\"Evokup\" \/>\n<meta property=\"article:publisher\" content=\"https:\/\/www.facebook.com\/Evokup\/\" \/>\n<meta name=\"twitter:card\" content=\"summary_large_image\" \/>\n<meta name=\"twitter:label1\" content=\"Est. reading time\" \/>\n\t<meta name=\"twitter:data1\" content=\"1 minute\" \/>\n<script type=\"application\/ld+json\" class=\"yoast-schema-graph\">{\"@context\":\"https:\/\/schema.org\",\"@graph\":[{\"@type\":\"WebPage\",\"@id\":\"https:\/\/evokup.com\/paiement-securise\/\",\"url\":\"https:\/\/evokup.com\/paiement-securise\/\",\"name\":\"Paiement s\u00e9curis\u00e9 - Evokup\",\"isPartOf\":{\"@id\":\"https:\/\/evokup.com\/#website\"},\"datePublished\":\"2018-10-02T07:53:55+00:00\",\"breadcrumb\":{\"@id\":\"https:\/\/evokup.com\/paiement-securise\/#breadcrumb\"},\"inLanguage\":\"en-US\",\"potentialAction\":[{\"@type\":\"ReadAction\",\"target\":[\"https:\/\/evokup.com\/paiement-securise\/\"]}]},{\"@type\":\"BreadcrumbList\",\"@id\":\"https:\/\/evokup.com\/paiement-securise\/#breadcrumb\",\"itemListElement\":[{\"@type\":\"ListItem\",\"position\":1,\"name\":\"Accueil\",\"item\":\"https:\/\/evokup.com\/\"},{\"@type\":\"ListItem\",\"position\":2,\"name\":\"Paiement s\u00e9curis\u00e9\"}]},{\"@type\":\"WebSite\",\"@id\":\"https:\/\/evokup.com\/#website\",\"url\":\"https:\/\/evokup.com\/\",\"name\":\"Evokup\",\"description\":\"Drink &amp; Move\",\"publisher\":{\"@id\":\"https:\/\/evokup.com\/#organization\"},\"potentialAction\":[{\"@type\":\"SearchAction\",\"target\":{\"@type\":\"EntryPoint\",\"urlTemplate\":\"https:\/\/evokup.com\/?s={search_term_string}\"},\"query-input\":{\"@type\":\"PropertyValueSpecification\",\"valueRequired\":true,\"valueName\":\"search_term_string\"}}],\"inLanguage\":\"en-US\"},{\"@type\":\"Organization\",\"@id\":\"https:\/\/evokup.com\/#organization\",\"name\":\"Evokup\",\"url\":\"https:\/\/evokup.com\/\",\"logo\":{\"@type\":\"ImageObject\",\"inLanguage\":\"en-US\",\"@id\":\"https:\/\/evokup.com\/#\/schema\/logo\/image\/\",\"url\":\"https:\/\/evokup.com\/wp-content\/uploads\/2018\/10\/logo-evokup-alone-75-x-163.jpg\",\"contentUrl\":\"https:\/\/evokup.com\/wp-content\/uploads\/2018\/10\/logo-evokup-alone-75-x-163.jpg\",\"width\":163,\"height\":75,\"caption\":\"Evokup\"},\"image\":{\"@id\":\"https:\/\/evokup.com\/#\/schema\/logo\/image\/\"},\"sameAs\":[\"https:\/\/www.facebook.com\/Evokup\/\",\"https:\/\/www.instagram.com\/Evokup\/\"]}]}<\/script>\n<!-- \/ Yoast SEO plugin. -->","yoast_head_json":{"title":"Paiement s\u00e9curis\u00e9 - Evokup","robots":{"index":"index","follow":"follow","max-snippet":"max-snippet:-1","max-image-preview":"max-image-preview:large","max-video-preview":"max-video-preview:-1"},"canonical":"https:\/\/evokup.com\/paiement-securise\/","og_locale":"en_US","og_type":"article","og_title":"Paiement s\u00e9curis\u00e9 - Evokup","og_description":"MON PAIEMENT EST-IL S\u00c9CURIS\u00c9 ? Au moment de votre r\u00e8glement, le symbole du cadenas appara\u00eet et indique que votre connexion est crypt\u00e9e et s\u00e9curis\u00e9e. Des serveurs d\u2019autorisation sont alors consult\u00e9s, afin de v\u00e9rifier ces donn\u00e9es et \u00e9viter les abus et les fraudes. La technologie de cryptage SSL permet de garantir la s\u00e9curit\u00e9 des informations que &hellip; Read More \"Paiement s\u00e9curis\u00e9\"","og_url":"https:\/\/evokup.com\/paiement-securise\/","og_site_name":"Evokup","article_publisher":"https:\/\/www.facebook.com\/Evokup\/","twitter_card":"summary_large_image","twitter_misc":{"Est. reading time":"1 minute"},"schema":{"@context":"https:\/\/schema.org","@graph":[{"@type":"WebPage","@id":"https:\/\/evokup.com\/paiement-securise\/","url":"https:\/\/evokup.com\/paiement-securise\/","name":"Paiement s\u00e9curis\u00e9 - Evokup","isPartOf":{"@id":"https:\/\/evokup.com\/#website"},"datePublished":"2018-10-02T07:53:55+00:00","breadcrumb":{"@id":"https:\/\/evokup.com\/paiement-securise\/#breadcrumb"},"inLanguage":"en-US","potentialAction":[{"@type":"ReadAction","target":["https:\/\/evokup.com\/paiement-securise\/"]}]},{"@type":"BreadcrumbList","@id":"https:\/\/evokup.com\/paiement-securise\/#breadcrumb","itemListElement":[{"@type":"ListItem","position":1,"name":"Accueil","item":"https:\/\/evokup.com\/"},{"@type":"ListItem","position":2,"name":"Paiement s\u00e9curis\u00e9"}]},{"@type":"WebSite","@id":"https:\/\/evokup.com\/#website","url":"https:\/\/evokup.com\/","name":"Evokup","description":"Drink &amp; Move","publisher":{"@id":"https:\/\/evokup.com\/#organization"},"potentialAction":[{"@type":"SearchAction","target":{"@type":"EntryPoint","urlTemplate":"https:\/\/evokup.com\/?s={search_term_string}"},"query-input":{"@type":"PropertyValueSpecification","valueRequired":true,"valueName":"search_term_string"}}],"inLanguage":"en-US"},{"@type":"Organization","@id":"https:\/\/evokup.com\/#organization","name":"Evokup","url":"https:\/\/evokup.com\/","logo":{"@type":"ImageObject","inLanguage":"en-US","@id":"https:\/\/evokup.com\/#\/schema\/logo\/image\/","url":"https:\/\/evokup.com\/wp-content\/uploads\/2018\/10\/logo-evokup-alone-75-x-163.jpg","contentUrl":"https:\/\/evokup.com\/wp-content\/uploads\/2018\/10\/logo-evokup-alone-75-x-163.jpg","width":163,"height":75,"caption":"Evokup"},"image":{"@id":"https:\/\/evokup.com\/#\/schema\/logo\/image\/"},"sameAs":["https:\/\/www.facebook.com\/Evokup\/","https:\/\/www.instagram.com\/Evokup\/"]}]}},"_links":{"self":[{"href":"https:\/\/evokup.com\/en\/wp-json\/wp\/v2\/pages\/9460"}],"collection":[{"href":"https:\/\/evokup.com\/en\/wp-json\/wp\/v2\/pages"}],"about":[{"href":"https:\/\/evokup.com\/en\/wp-json\/wp\/v2\/types\/page"}],"author":[{"embeddable":true,"href":"https:\/\/evokup.com\/en\/wp-json\/wp\/v2\/users\/1"}],"replies":[{"embeddable":true,"href":"https:\/\/evokup.com\/en\/wp-json\/wp\/v2\/comments?post=9460"}],"version-history":[{"count":1,"href":"https:\/\/evokup.com\/en\/wp-json\/wp\/v2\/pages\/9460\/revisions"}],"predecessor-version":[{"id":9461,"href":"https:\/\/evokup.com\/en\/wp-json\/wp\/v2\/pages\/9460\/revisions\/9461"}],"wp:attachment":[{"href":"https:\/\/evokup.com\/en\/wp-json\/wp\/v2\/media?parent=9460"}],"curies":[{"name":"wp","href":"https:\/\/api.w.org\/{rel}","templated":true}]}}