{"id":4300,"date":"2017-09-29T07:47:16","date_gmt":"2017-09-29T07:47:16","guid":{"rendered":"http:\/\/demo3.wpopal.com\/boost\/?page_id=4300"},"modified":"2024-10-29T19:15:59","modified_gmt":"2024-10-29T18:15:59","slug":"contact-us","status":"publish","type":"page","link":"https:\/\/evokup.com\/es\/contact-us\/","title":{"rendered":"Contactez-nous"},"content":{"rendered":"<p>[vc_row][vc_column width=\u00bb1\/3&#8243;][vc_column_text]<\/p>\n<p class=\"h5 before-title-primary fw-400 c-heading ls-m-40\">Our adress<\/p>\n<p class=\"pl-5\">rue Charles Piquet<br \/>\n13520 Maussane-les-Alpilles<br \/>\nFrance<\/p>\n<p>[\/vc_column_text][\/vc_column][vc_column width=\u00bb1\/3&#8243;][vc_column_text]<\/p>\n<p class=\"h5 before-title-primary fw-400 c-heading ls-m-40\">Servicio al cliente<\/p>\n<p class=\"pl-5\">P\u00f3ngase en contacto con nosotros para una respuesta inmediata en sus pedidos y entregas.[\/vc_column_text][\/vc_column][vc_column width=\u00bb1\/3&#8243;][vc_column_text]<\/p>\n<p class=\"h5 before-title-primary fw-400 c-heading ls-m-40\">Email<\/p>\n<p class=\"pl-5\">Email:<span class=\"c-heading\"> contact \/at\/ evokup.com<\/span><\/p>\n<p>[\/vc_column_text][\/vc_column][\/vc_row][vc_row][vc_column css=\u00bb.vc_custom_1537300831149{margin-top: 50px !important;}\u00bb offset=\u00bbvc_hidden-lg vc_hidden-md vc_hidden-sm vc_hidden-xs\u00bb][vc_gmaps link=\u00bb#E-8_JTNDaWZyYW1lJTIwc3JjJTNEJTIyaHR0cHMlM0ElMkYlMkZ3d3cuZ29vZ2xlLmNvbSUyRm1hcHMlMkZlbWJlZCUzRnBiJTNEJTIxMW0xOCUyMTFtMTIlMjExbTMlMjExZDEyNjg0Mi4zNDYwMTc5MDQ5NCUyMTJkNC43NTcxMDMyNjkzODE3NCUyMTNkNDMuNjkwMjYyNTI4MjA4NjA2JTIxMm0zJTIxMWYwJTIxMmYwJTIxM2YwJTIxM20yJTIxMWkxMDI0JTIxMmk3NjglMjE0ZjEzLjElMjEzbTMlMjExbTIlMjExczB4MTJiNWUxODVmMjE3YTcyOSUyNTNBMHhmYjdhMWI0ODc0Nzc2NzY2JTIxMnNSdWUlMkJDaGFybGVzJTJCUGlxdWV0JTI1MkMlMkIxMzUyMCUyQk1hdXNzYW5lLWxlcy1BbHBpbGxlcyUyMTVlMCUyMTNtMiUyMTFzZnIlMjEyc2ZyJTIxNHYxNTMzMTE1NTkwNjYxJTIyJTIwd2lkdGglM0QlMjIxMDAlMjUlMjIlMjBoZWlnaHQlM0QlMjI0NTAlMjIlMjBmcmFtZWJvcmRlciUzRCUyMjAlMjIlMjBzdHlsZSUzRCUyMmJvcmRlciUzQTAlMjIlMjBhbGxvd2Z1bGxzY3JlZW4lM0UlM0MlMkZpZnJhbWUlM0U=\u00bb][vc_empty_space height=\u00bb100px\u00bb][\/vc_column][\/vc_row][vc_row][vc_column width=\u00bb8\/12&#8243;][vc_column_text]<\/p>\n<p class=\"h5 before-title-secondary fw-400 ls-p-200\">F.A.Q.<\/p>\n<p>[\/vc_column_text][vc_tta_accordion shape=\u00bbsquare\u00bb color=\u00bbwhite\u00bb c_position=\u00bbright\u00bb active_section=\u00bb1&#8243; css=\u00bb.vc_custom_1507192019014{border-right-width: 0px !important;border-left-width: 0px !important;}\u00bb el_class=\u00bbpl-md-5&#8243;][vc_tta_section title=\u00bbEvokup\u202f: \u00bf Qu\u00e9 es ?\u00bb tab_id=\u00bb1538128368589-cd736d71-488c\u00bb][vc_column_text]EvoKup es un nuevo concepto de vaso completamente flexible, ultraliviano y reutilizable, ideal para llevarlo a todas partes y en cualquiera de tus bolsillos. Su dise\u00f1o es ergon\u00f3mico, con dos bucles de retenci\u00f3n para mayor estabilidad en la mano. Con una capacidad de 250 ml y solo 10 gramos de peso, el EvoKup est\u00e1 hecho de un resistente termopl\u00e1stico, que cumple con todas las normas sanitarias vigentes. Este material revolucionario es super resistente al desgarre y a temperaturas (-40C a 100C), por lo que tu EvoKup puede contener tanto l\u00edquidos fr\u00edos como calientes y se puede lavar en lavavajillas.[\/vc_column_text][\/vc_tta_section][vc_tta_section title=\u00bb\u00bf Por qu\u00e9 usar EvoKup ?\u00bb tab_id=\u00bb1538128509210-b97c9bfa-f5e6&#8243;][vc_column_text]Cada a\u00f1o en Chile se desechan m\u00e1s de 5 mil millones de vasos desechables, y el 70% de estos termina como pl\u00e1stico en nuestros oc\u00e9anos. Gracias a sus caracter\u00edsticas, EvoKup se convierte en tu mejor aliado para sustituir el uso de vasos desechables y as\u00ed contribuir a reducir los desechos pl\u00e1sticos que producimos. Por ejemplo, en una empresa con 10 empleados que beben cerca de 4 bebidas al d\u00eda, se consumen cerca de 800 vasos desechables al mes, o 10.000 al a\u00f1o, sin incluir todos los otros vasos que utilizan fuera de la oficina. Con Evokup utilizas el pl\u00e1stico de manera consciente y sustentable, mientras concientizas sobre el uso ef\u00edmero del pl\u00e1stico desechable.[\/vc_column_text][\/vc_tta_section][vc_tta_section title=\u00bb\u00bf Com\u00f3 ordenar ?\u00bb tab_id=\u00bb1506671759900-d810dd94-1478&#8243;][vc_column_text]Puede ordenar Evokup haciendo clic en esta p\u00e1gina : <a href=\"https:\/\/evokup.com\/shop\/\">Tienda<\/a><\/p>\n<p>Personalice\u00a0 Evokup (250 copias como m\u00ednimo), en la p\u00e1gina siguiente: \u00a0<a href=\"https:\/\/evokup.com\/produit\/evokup-personnalises\/\">Personalizacion Evokup<\/a>[\/vc_column_text][\/vc_tta_section][vc_tta_section title=\u00bb\u00bfEst\u00e1n todos los colores presentes en el sitio web?\u00bb tab_id=\u00bb1506671831670-62213866-aade\u00bb][vc_column_text]Los colores disponibles para ordenar tazas personalizadas son: Blanco, Amarillo, Verde, Azul, Naranja, Negro, Rosa, P\u00farpura y Rojo.<\/p>\n<p>Los colores disponibles cuando se piden las copas Evokup Original son: Rosa, naranja, amarillo, verde, azul y negro[\/vc_column_text][\/vc_tta_section][vc_tta_section title=\u00bb\u00bfEnv\u00edan a otro lugar que en la Francia metropolitana?\u00bb tab_id=\u00bb1506671822021-61cd4d4b-2317&#8243;][vc_column_text]Entregamos a cualquier parte del mundo. Los gastos de env\u00edo ser\u00e1n incluidos durante la validaci\u00f3n de su pedido.<\/p>\n<p>Para los pedidos de personalizaci\u00f3n de Evokup, para sus eventos, es posible realizar entregas en cualquier parte del mundo seg\u00fan el presupuesto.[\/vc_column_text][\/vc_tta_section][vc_tta_section title=\u00bb\u00bf C\u00f3mo Evokup es bueno para el desarrollo sostenible ?\u00bb tab_id=\u00bb1538128604194-27193355-c2d0&#8243;][vc_column_text]Evokup se desarroll\u00f3 con la esperanza de que eventualmente no se tiren o consuman ef\u00edmeras tazas de pl\u00e1stico. La secadora Evokup est\u00e1 hecha de un material ultra duradero que le otorga una durabilidad duradera, protegiendo los oc\u00e9anos y la tierra de la contaminaci\u00f3n pl\u00e1stica. El pl\u00e1stico no es un material contaminante si se usa sabiamente y se recicla. El concepto de Evokup hace posible tener un uso consciente del pl\u00e1stico al ofrecer la posibilidad a los usuarios de tenerlo con usted diariamente.[\/vc_column_text][\/vc_tta_section][vc_tta_section title=\u00bb\u00bfUtiliza cookies?\u00bb tab_id=\u00bb1506671820111-4e405266-181f\u00bb][vc_column_text]Este sitio web utiliza cookies. Las cookies son peque\u00f1os archivos de texto en los que los navegadores almacenan informaci\u00f3n cuando visitan un sitio web. Las cookies pueden recopilar datos como la direcci\u00f3n IP, la direcci\u00f3n del sitio que se est\u00e1 viendo, el sistema operativo, el idioma del navegador y otra informaci\u00f3n. Esta informaci\u00f3n no est\u00e1 asociada a una persona espec\u00edfica, solo es informaci\u00f3n estad\u00edstica para analizar la visibilidad de los diversos contenidos de un sitio web.<\/p>\n<p>A continuaci\u00f3n le proporcionamos informaci\u00f3n sobre las cookies utilizadas por este sitio web, as\u00ed como sobre c\u00f3mo controlar su administraci\u00f3n y eliminarlas por completo.<\/p>\n<p>Cookies utilizadas por este sitio web:<\/p>\n<p>Este sitio utiliza solo una cookie para guardar los art\u00edculos en su cesta. As\u00ed que si regresa al sitio, su cesta permanecer\u00e1 como la ha preparado.<\/p>\n<p>\u00bfC\u00f3mo podemos gestionar las cookies en un navegador?<\/p>\n<p>El usuario puede administrar las cookies instaladas en su computadora mediante la configuraci\u00f3n de las opciones del navegador. A continuaci\u00f3n le mostramos c\u00f3mo puede cambiar la configuraci\u00f3n de las cookies en los principales navegadores para la versi\u00f3n de su PC. Si utiliza otros navegadores o plataformas, consulte la documentaci\u00f3n espec\u00edfica proporcionada por la empresa de publicaci\u00f3n de su navegador. La informaci\u00f3n de configuraci\u00f3n que se muestra a continuaci\u00f3n es v\u00e1lida para las versiones existentes al momento de escribir este documento. Estas instrucciones pueden diferir en futuras versiones de los navegadores. En este caso, consulte la secci\u00f3n de ayuda correspondiente de la editorial de su navegador.<\/p>\n<p>Para ajustar los permisos de cookies en el navegador Google Chrome:<\/p>\n<p>Haga clic en el men\u00fa ubicado en la barra de herramientas.<br \/>\nSeleccione Configuraci\u00f3n.<br \/>\nHaga clic en Mostrar configuraci\u00f3n avanzada.<br \/>\nEn la secci\u00f3n Privacidad y seguridad, haga clic en Configuraci\u00f3n de contenido.<br \/>\nEn la secci\u00f3n de Cookies puedes configurar las opciones.<br \/>\nM\u00e1s informaci\u00f3n en Google Chrome.<\/p>\n<p>Para adaptar los permisos de las cookies en el navegador Mozilla Firefox:<\/p>\n<p>En la parte superior de la ventana de Firefox, haga clic en el men\u00fa Herramientas.<br \/>\nSeleccione Opciones.<br \/>\nSeleccione la pesta\u00f1a de Privacidad.<br \/>\nEn la opci\u00f3n Historial, puede elegir Usar configuraci\u00f3n personalizada para el historial para configurar las opciones.<br \/>\nM\u00e1s informaci\u00f3n sobre Mozilla Firefox.[\/vc_column_text][\/vc_tta_section][\/vc_tta_accordion][\/vc_column][vc_column width=\u00bb4\/12&#8243;][vc_column_text]<\/p>\n<p class=\"h5 before-title-secondary fw-400 ls-p-200\">Para mandar un mensaje<\/p>\n<p>[\/vc_column_text]\n<div class=\"wpcf7 no-js\" id=\"wpcf7-f7858-o3\" lang=\"en-US\" dir=\"ltr\" data-wpcf7-id=\"7858\">\n<div class=\"screen-reader-response\"><p role=\"status\" aria-live=\"polite\" aria-atomic=\"true\"><\/p> <ul><\/ul><\/div>\n<form action=\"\/es\/wp-json\/wp\/v2\/pages\/4300#wpcf7-f7858-o3\" method=\"post\" class=\"wpcf7-form init\" aria-label=\"Contact form\" novalidate=\"novalidate\" data-status=\"init\">\n<div style=\"display: none;\">\n<input type=\"hidden\" name=\"_wpcf7\" value=\"7858\" \/>\n<input type=\"hidden\" name=\"_wpcf7_version\" value=\"6.0.6\" \/>\n<input type=\"hidden\" name=\"_wpcf7_locale\" value=\"en_US\" \/>\n<input type=\"hidden\" name=\"_wpcf7_unit_tag\" value=\"wpcf7-f7858-o3\" \/>\n<input type=\"hidden\" name=\"_wpcf7_container_post\" value=\"0\" \/>\n<input type=\"hidden\" name=\"_wpcf7_posted_data_hash\" value=\"\" \/>\n<input type=\"hidden\" name=\"_wpcf7_recaptcha_response\" value=\"\" \/>\n<\/div>\n<p><span class=\"wpcf7-form-control-wrap\" data-name=\"your-name\"><input size=\"40\" maxlength=\"400\" class=\"wpcf7-form-control wpcf7-text wpcf7-validates-as-required\" aria-required=\"true\" aria-invalid=\"false\" value=\"Your Name *\" type=\"text\" name=\"your-name\" \/><\/span>\n<\/p>\n<p><span class=\"wpcf7-form-control-wrap\" data-name=\"your-email\"><input size=\"40\" maxlength=\"400\" class=\"wpcf7-form-control wpcf7-email wpcf7-validates-as-required wpcf7-text wpcf7-validates-as-email\" aria-required=\"true\" aria-invalid=\"false\" value=\"Email *\" type=\"email\" name=\"your-email\" \/><\/span>\n<\/p>\n<p><span class=\"wpcf7-form-control-wrap\" data-name=\"your-message\"><textarea cols=\"40\" rows=\"10\" maxlength=\"2000\" class=\"wpcf7-form-control wpcf7-textarea\" aria-invalid=\"false\" name=\"your-message\">Message *<\/textarea><\/span>\n<\/p>\n<p><input class=\"wpcf7-form-control wpcf7-submit has-spinner\" type=\"submit\" value=\"SEND\" \/>\n<\/p><div class=\"wpcf7-response-output\" aria-hidden=\"true\"><\/div>\n<\/form>\n<\/div>\n[\/vc_column][\/vc_row]<\/p>","protected":false},"excerpt":{"rendered":"<p>[vc_row][vc_column width=\u00bb1\/3&#8243;][vc_column_text] Our adress rue Charles Piquet 13520 Maussane-les-Alpilles France [\/vc_column_text][\/vc_column][vc_column width=\u00bb1\/3&#8243;][vc_column_text] Servicio al cliente P\u00f3ngase en contacto con nosotros para una respuesta inmediata en sus pedidos y entregas.[\/vc_column_text][\/vc_column][vc_column width=\u00bb1\/3&#8243;][vc_column_text] Email Email: contact \/at\/ evokup.com [\/vc_column_text][\/vc_column][\/vc_row][vc_row][vc_column css=\u00bb.vc_custom_1537300831149{margin-top: 50px !important;}\u00bb offset=\u00bbvc_hidden-lg vc_hidden-md vc_hidden-sm vc_hidden-xs\u00bb][vc_gmaps link=\u00bb#E-8_JTNDaWZyYW1lJTIwc3JjJTNEJTIyaHR0cHMlM0ElMkYlMkZ3d3cuZ29vZ2xlLmNvbSUyRm1hcHMlMkZlbWJlZCUzRnBiJTNEJTIxMW0xOCUyMTFtMTIlMjExbTMlMjExZDEyNjg0Mi4zNDYwMTc5MDQ5NCUyMTJkNC43NTcxMDMyNjkzODE3NCUyMTNkNDMuNjkwMjYyNTI4MjA4NjA2JTIxMm0zJTIxMWYwJTIxMmYwJTIxM2YwJTIxM20yJTIxMWkxMDI0JTIxMmk3NjglMjE0ZjEzLjElMjEzbTMlMjExbTIlMjExczB4MTJiNWUxODVmMjE3YTcyOSUyNTNBMHhmYjdhMWI0ODc0Nzc2NzY2JTIxMnNSdWUlMkJDaGFybGVzJTJCUGlxdWV0JTI1MkMlMkIxMzUyMCUyQk1hdXNzYW5lLWxlcy1BbHBpbGxlcyUyMTVlMCUyMTNtMiUyMTFzZnIlMjEyc2ZyJTIxNHYxNTMzMTE1NTkwNjYxJTIyJTIwd2lkdGglM0QlMjIxMDAlMjUlMjIlMjBoZWlnaHQlM0QlMjI0NTAlMjIlMjBmcmFtZWJvcmRlciUzRCUyMjAlMjIlMjBzdHlsZSUzRCUyMmJvcmRlciUzQTAlMjIlMjBhbGxvd2Z1bGxzY3JlZW4lM0UlM0MlMkZpZnJhbWUlM0U=\u00bb][vc_empty_space height=\u00bb100px\u00bb][\/vc_column][\/vc_row][vc_row][vc_column width=\u00bb8\/12&#8243;][vc_column_text] F.A.Q. [\/vc_column_text][vc_tta_accordion shape=\u00bbsquare\u00bb color=\u00bbwhite\u00bb c_position=\u00bbright\u00bb active_section=\u00bb1&#8243; css=\u00bb.vc_custom_1507192019014{border-right-width: 0px !important;border-left-width: &hellip; <\/p>\n<p class=\"link-more\"><a href=\"https:\/\/evokup.com\/es\/contact-us\/\" class=\"more-link\">Read More <span class=\"screen-reader-text\"> \u00abContactez-nous\u00bb<\/span><\/a><\/p>\n","protected":false},"author":1,"featured_media":0,"parent":0,"menu_order":0,"comment_status":"closed","ping_status":"closed","template":"","meta":{"footnotes":""},"class_list":["post-4300","page","type-page","status-publish","hentry"],"yoast_head":"<!-- This site is optimized with the Yoast SEO plugin v25.1 - https:\/\/yoast.com\/wordpress\/plugins\/seo\/ -->\n<title>Contactez-nous - Evokup<\/title>\n<meta name=\"robots\" content=\"index, follow, max-snippet:-1, max-image-preview:large, max-video-preview:-1\" \/>\n<link rel=\"canonical\" href=\"https:\/\/evokup.com\/contact-us\/\" \/>\n<meta property=\"og:locale\" content=\"es_ES\" \/>\n<meta property=\"og:type\" content=\"article\" \/>\n<meta property=\"og:title\" content=\"Contactez-nous - Evokup\" \/>\n<meta property=\"og:description\" content=\"[vc_row][vc_column width=\u00bb1\/3&#8243;][vc_column_text] Our adress rue Charles Piquet 13520 Maussane-les-Alpilles France [\/vc_column_text][\/vc_column][vc_column width=\u00bb1\/3&#8243;][vc_column_text] Servicio al cliente P\u00f3ngase en contacto con nosotros para una respuesta inmediata en sus pedidos y entregas.[\/vc_column_text][\/vc_column][vc_column width=\u00bb1\/3&#8243;][vc_column_text] Email Email: contact \/at\/ evokup.com [\/vc_column_text][\/vc_column][\/vc_row][vc_row][vc_column css=\u00bb.vc_custom_1537300831149{margin-top: 50px !important;}\u00bb offset=\u00bbvc_hidden-lg vc_hidden-md vc_hidden-sm vc_hidden-xs\u00bb][vc_gmaps link=\u00bb#E-8_JTNDaWZyYW1lJTIwc3JjJTNEJTIyaHR0cHMlM0ElMkYlMkZ3d3cuZ29vZ2xlLmNvbSUyRm1hcHMlMkZlbWJlZCUzRnBiJTNEJTIxMW0xOCUyMTFtMTIlMjExbTMlMjExZDEyNjg0Mi4zNDYwMTc5MDQ5NCUyMTJkNC43NTcxMDMyNjkzODE3NCUyMTNkNDMuNjkwMjYyNTI4MjA4NjA2JTIxMm0zJTIxMWYwJTIxMmYwJTIxM2YwJTIxM20yJTIxMWkxMDI0JTIxMmk3NjglMjE0ZjEzLjElMjEzbTMlMjExbTIlMjExczB4MTJiNWUxODVmMjE3YTcyOSUyNTNBMHhmYjdhMWI0ODc0Nzc2NzY2JTIxMnNSdWUlMkJDaGFybGVzJTJCUGlxdWV0JTI1MkMlMkIxMzUyMCUyQk1hdXNzYW5lLWxlcy1BbHBpbGxlcyUyMTVlMCUyMTNtMiUyMTFzZnIlMjEyc2ZyJTIxNHYxNTMzMTE1NTkwNjYxJTIyJTIwd2lkdGglM0QlMjIxMDAlMjUlMjIlMjBoZWlnaHQlM0QlMjI0NTAlMjIlMjBmcmFtZWJvcmRlciUzRCUyMjAlMjIlMjBzdHlsZSUzRCUyMmJvcmRlciUzQTAlMjIlMjBhbGxvd2Z1bGxzY3JlZW4lM0UlM0MlMkZpZnJhbWUlM0U=\u00bb][vc_empty_space height=\u00bb100px\u00bb][\/vc_column][\/vc_row][vc_row][vc_column width=\u00bb8\/12&#8243;][vc_column_text] F.A.Q. [\/vc_column_text][vc_tta_accordion shape=\u00bbsquare\u00bb color=\u00bbwhite\u00bb c_position=\u00bbright\u00bb active_section=\u00bb1&#8243; css=\u00bb.vc_custom_1507192019014{border-right-width: 0px !important;border-left-width: &hellip; Read More &quot;Contactez-nous&quot;\" \/>\n<meta property=\"og:url\" content=\"https:\/\/evokup.com\/contact-us\/\" \/>\n<meta property=\"og:site_name\" content=\"Evokup\" \/>\n<meta property=\"article:publisher\" content=\"https:\/\/www.facebook.com\/Evokup\/\" \/>\n<meta property=\"article:modified_time\" content=\"2024-10-29T18:15:59+00:00\" \/>\n<meta name=\"twitter:card\" content=\"summary_large_image\" \/>\n<meta name=\"twitter:label1\" content=\"Tiempo de lectura\" \/>\n\t<meta name=\"twitter:data1\" content=\"5 minutos\" \/>\n<script type=\"application\/ld+json\" class=\"yoast-schema-graph\">{\"@context\":\"https:\/\/schema.org\",\"@graph\":[{\"@type\":\"WebPage\",\"@id\":\"https:\/\/evokup.com\/contact-us\/\",\"url\":\"https:\/\/evokup.com\/contact-us\/\",\"name\":\"Contactez-nous - Evokup\",\"isPartOf\":{\"@id\":\"https:\/\/evokup.com\/#website\"},\"datePublished\":\"2017-09-29T07:47:16+00:00\",\"dateModified\":\"2024-10-29T18:15:59+00:00\",\"breadcrumb\":{\"@id\":\"https:\/\/evokup.com\/contact-us\/#breadcrumb\"},\"inLanguage\":\"es\",\"potentialAction\":[{\"@type\":\"ReadAction\",\"target\":[\"https:\/\/evokup.com\/contact-us\/\"]}]},{\"@type\":\"BreadcrumbList\",\"@id\":\"https:\/\/evokup.com\/contact-us\/#breadcrumb\",\"itemListElement\":[{\"@type\":\"ListItem\",\"position\":1,\"name\":\"Accueil\",\"item\":\"https:\/\/evokup.com\/\"},{\"@type\":\"ListItem\",\"position\":2,\"name\":\"Contactez-nous\"}]},{\"@type\":\"WebSite\",\"@id\":\"https:\/\/evokup.com\/#website\",\"url\":\"https:\/\/evokup.com\/\",\"name\":\"Evokup\",\"description\":\"Drink &amp; Move\",\"publisher\":{\"@id\":\"https:\/\/evokup.com\/#organization\"},\"potentialAction\":[{\"@type\":\"SearchAction\",\"target\":{\"@type\":\"EntryPoint\",\"urlTemplate\":\"https:\/\/evokup.com\/?s={search_term_string}\"},\"query-input\":{\"@type\":\"PropertyValueSpecification\",\"valueRequired\":true,\"valueName\":\"search_term_string\"}}],\"inLanguage\":\"es\"},{\"@type\":\"Organization\",\"@id\":\"https:\/\/evokup.com\/#organization\",\"name\":\"Evokup\",\"url\":\"https:\/\/evokup.com\/\",\"logo\":{\"@type\":\"ImageObject\",\"inLanguage\":\"es\",\"@id\":\"https:\/\/evokup.com\/#\/schema\/logo\/image\/\",\"url\":\"https:\/\/evokup.com\/wp-content\/uploads\/2018\/10\/logo-evokup-alone-75-x-163.jpg\",\"contentUrl\":\"https:\/\/evokup.com\/wp-content\/uploads\/2018\/10\/logo-evokup-alone-75-x-163.jpg\",\"width\":163,\"height\":75,\"caption\":\"Evokup\"},\"image\":{\"@id\":\"https:\/\/evokup.com\/#\/schema\/logo\/image\/\"},\"sameAs\":[\"https:\/\/www.facebook.com\/Evokup\/\",\"https:\/\/www.instagram.com\/Evokup\/\"]}]}<\/script>\n<!-- \/ Yoast SEO plugin. -->","yoast_head_json":{"title":"Contactez-nous - Evokup","robots":{"index":"index","follow":"follow","max-snippet":"max-snippet:-1","max-image-preview":"max-image-preview:large","max-video-preview":"max-video-preview:-1"},"canonical":"https:\/\/evokup.com\/contact-us\/","og_locale":"es_ES","og_type":"article","og_title":"Contactez-nous - Evokup","og_description":"[vc_row][vc_column width=\u00bb1\/3&#8243;][vc_column_text] Our adress rue Charles Piquet 13520 Maussane-les-Alpilles France [\/vc_column_text][\/vc_column][vc_column width=\u00bb1\/3&#8243;][vc_column_text] Servicio al cliente P\u00f3ngase en contacto con nosotros para una respuesta inmediata en sus pedidos y entregas.[\/vc_column_text][\/vc_column][vc_column width=\u00bb1\/3&#8243;][vc_column_text] Email Email: contact \/at\/ evokup.com [\/vc_column_text][\/vc_column][\/vc_row][vc_row][vc_column css=\u00bb.vc_custom_1537300831149{margin-top: 50px !important;}\u00bb offset=\u00bbvc_hidden-lg vc_hidden-md vc_hidden-sm vc_hidden-xs\u00bb][vc_gmaps link=\u00bb#E-8_JTNDaWZyYW1lJTIwc3JjJTNEJTIyaHR0cHMlM0ElMkYlMkZ3d3cuZ29vZ2xlLmNvbSUyRm1hcHMlMkZlbWJlZCUzRnBiJTNEJTIxMW0xOCUyMTFtMTIlMjExbTMlMjExZDEyNjg0Mi4zNDYwMTc5MDQ5NCUyMTJkNC43NTcxMDMyNjkzODE3NCUyMTNkNDMuNjkwMjYyNTI4MjA4NjA2JTIxMm0zJTIxMWYwJTIxMmYwJTIxM2YwJTIxM20yJTIxMWkxMDI0JTIxMmk3NjglMjE0ZjEzLjElMjEzbTMlMjExbTIlMjExczB4MTJiNWUxODVmMjE3YTcyOSUyNTNBMHhmYjdhMWI0ODc0Nzc2NzY2JTIxMnNSdWUlMkJDaGFybGVzJTJCUGlxdWV0JTI1MkMlMkIxMzUyMCUyQk1hdXNzYW5lLWxlcy1BbHBpbGxlcyUyMTVlMCUyMTNtMiUyMTFzZnIlMjEyc2ZyJTIxNHYxNTMzMTE1NTkwNjYxJTIyJTIwd2lkdGglM0QlMjIxMDAlMjUlMjIlMjBoZWlnaHQlM0QlMjI0NTAlMjIlMjBmcmFtZWJvcmRlciUzRCUyMjAlMjIlMjBzdHlsZSUzRCUyMmJvcmRlciUzQTAlMjIlMjBhbGxvd2Z1bGxzY3JlZW4lM0UlM0MlMkZpZnJhbWUlM0U=\u00bb][vc_empty_space height=\u00bb100px\u00bb][\/vc_column][\/vc_row][vc_row][vc_column width=\u00bb8\/12&#8243;][vc_column_text] F.A.Q. [\/vc_column_text][vc_tta_accordion shape=\u00bbsquare\u00bb color=\u00bbwhite\u00bb c_position=\u00bbright\u00bb active_section=\u00bb1&#8243; css=\u00bb.vc_custom_1507192019014{border-right-width: 0px !important;border-left-width: &hellip; Read More \"Contactez-nous\"","og_url":"https:\/\/evokup.com\/contact-us\/","og_site_name":"Evokup","article_publisher":"https:\/\/www.facebook.com\/Evokup\/","article_modified_time":"2024-10-29T18:15:59+00:00","twitter_card":"summary_large_image","twitter_misc":{"Tiempo de lectura":"5 minutos"},"schema":{"@context":"https:\/\/schema.org","@graph":[{"@type":"WebPage","@id":"https:\/\/evokup.com\/contact-us\/","url":"https:\/\/evokup.com\/contact-us\/","name":"Contactez-nous - Evokup","isPartOf":{"@id":"https:\/\/evokup.com\/#website"},"datePublished":"2017-09-29T07:47:16+00:00","dateModified":"2024-10-29T18:15:59+00:00","breadcrumb":{"@id":"https:\/\/evokup.com\/contact-us\/#breadcrumb"},"inLanguage":"es","potentialAction":[{"@type":"ReadAction","target":["https:\/\/evokup.com\/contact-us\/"]}]},{"@type":"BreadcrumbList","@id":"https:\/\/evokup.com\/contact-us\/#breadcrumb","itemListElement":[{"@type":"ListItem","position":1,"name":"Accueil","item":"https:\/\/evokup.com\/"},{"@type":"ListItem","position":2,"name":"Contactez-nous"}]},{"@type":"WebSite","@id":"https:\/\/evokup.com\/#website","url":"https:\/\/evokup.com\/","name":"Evokup","description":"Drink &amp; Move","publisher":{"@id":"https:\/\/evokup.com\/#organization"},"potentialAction":[{"@type":"SearchAction","target":{"@type":"EntryPoint","urlTemplate":"https:\/\/evokup.com\/?s={search_term_string}"},"query-input":{"@type":"PropertyValueSpecification","valueRequired":true,"valueName":"search_term_string"}}],"inLanguage":"es"},{"@type":"Organization","@id":"https:\/\/evokup.com\/#organization","name":"Evokup","url":"https:\/\/evokup.com\/","logo":{"@type":"ImageObject","inLanguage":"es","@id":"https:\/\/evokup.com\/#\/schema\/logo\/image\/","url":"https:\/\/evokup.com\/wp-content\/uploads\/2018\/10\/logo-evokup-alone-75-x-163.jpg","contentUrl":"https:\/\/evokup.com\/wp-content\/uploads\/2018\/10\/logo-evokup-alone-75-x-163.jpg","width":163,"height":75,"caption":"Evokup"},"image":{"@id":"https:\/\/evokup.com\/#\/schema\/logo\/image\/"},"sameAs":["https:\/\/www.facebook.com\/Evokup\/","https:\/\/www.instagram.com\/Evokup\/"]}]}},"_links":{"self":[{"href":"https:\/\/evokup.com\/es\/wp-json\/wp\/v2\/pages\/4300"}],"collection":[{"href":"https:\/\/evokup.com\/es\/wp-json\/wp\/v2\/pages"}],"about":[{"href":"https:\/\/evokup.com\/es\/wp-json\/wp\/v2\/types\/page"}],"author":[{"embeddable":true,"href":"https:\/\/evokup.com\/es\/wp-json\/wp\/v2\/users\/1"}],"replies":[{"embeddable":true,"href":"https:\/\/evokup.com\/es\/wp-json\/wp\/v2\/comments?post=4300"}],"version-history":[{"count":12,"href":"https:\/\/evokup.com\/es\/wp-json\/wp\/v2\/pages\/4300\/revisions"}],"predecessor-version":[{"id":16833,"href":"https:\/\/evokup.com\/es\/wp-json\/wp\/v2\/pages\/4300\/revisions\/16833"}],"wp:attachment":[{"href":"https:\/\/evokup.com\/es\/wp-json\/wp\/v2\/media?parent=4300"}],"curies":[{"name":"wp","href":"https:\/\/api.w.org\/{rel}","templated":true}]}}