{"id":4431,"date":"2017-10-05T01:03:13","date_gmt":"2017-10-05T01:03:13","guid":{"rendered":"http:\/\/demo3.wpopal.com\/boost\/?page_id=4431"},"modified":"2020-05-26T19:11:03","modified_gmt":"2020-05-26T17:11:03","slug":"about-us","status":"publish","type":"page","link":"https:\/\/evokup.com\/es\/about-us\/","title":{"rendered":"L&#8217;histoire Evokup"},"content":{"rendered":"<p>[vc_row][vc_column][vc_video link=\u00bbhttps:\/\/youtu.be\/CZBrH2I6xyk\u00bb align=\u00bbcenter\u00bb title=\u00bbEn video\u00bb][\/vc_column][\/vc_row][vc_row equal_height=\u00bbyes\u00bb content_placement=\u00bbmiddle\u00bb][vc_column width=\u00bb5\/12&#8243; offset=\u00bbvc_col-lg-5&#8243;][vc_column_text]<\/p>\n<p class=\"h1 c-heading ls-m-50\">La idea<\/p>\n<p>La aventura Evokup se inspir\u00f3 en el cruce de nuestras aventuras de escalada y el descubrimiento de este incre\u00edble material. La necesidad constante de optimizar el peso del equipo de env\u00edo fue una de las primeras motivaciones. La idea era crear un contenedor ligero, plegable y resistente a la vez para poder contener m\u00e1s de 25 cl.[\/vc_column_text][\/vc_column][vc_column width=\u00bb1\/2&#8243; offset=\u00bbvc_col-lg-offset-1 vc_col-lg-6&#8243;][vc_single_image image=\u00bb7979&#8243; img_size=\u00bbfull\u00bb alignment=\u00bbright\u00bb][\/vc_column][\/vc_row][vc_row full_width=\u00bbstretch_row\u00bb css=\u00bb.vc_custom_1540367090455{background-image: url(https:\/\/evokup.com\/wp-content\/uploads\/2018\/09\/bg-quick-info.png?id=8521) !important;background-position: center !important;background-repeat: no-repeat !important;background-size: cover !important;}\u00bb el_class=\u00bbbg-gradient-xs\u00bb el_id=\u00bbinfos_produit\u00bb][vc_column][vc_empty_space height=\u00bb40px\u00bb el_class=\u00bbvc_hidden-xs\u00bb][vc_custom_heading text=\u00bbINFORMACI\u00d3N EVOKUP\u00ae\u00bb font_container=\u00bbtag:h3|font_size:14|text_align:center|color:%23ffffff\u00bb use_theme_fonts=\u00bbyes\u00bb enable_underline_wrap=\u00bb\u00bb el_class=\u00bbbefore-title-white ls-p-200 fw-400&#8243;][vc_empty_space height=\u00bb30px\u00bb][\/vc_column][vc_column width=\u00bb1\/2&#8243; offset=\u00bbvc_col-lg-offset-1 vc_col-lg-5 vc_col-md-offset-0 vc_col-md-12 vc_col-xs-12&#8243; css=\u00bb.vc_custom_1540368057361{padding-top: 0px !important;}\u00bb][vc_column_text css=\u00bb.vc_custom_1550788010059{margin-bottom: 0px !important;padding-left: 10px !important;}\u00bb el_class=\u00bbtext-white\u00bb]<\/p>\n<ul class=\"list-unstyled\">\n<li class=\"bb-so-1 c-border pt-3 pb-3\">Caracter\u00edstica<span class=\"float-right fw-300\">Vaso Flexible<\/span><\/li>\n<li class=\"bb-so-1 c-border pt-3 pb-3\">Formato <span class=\"float-right fw-300\">10cm x 6.5cm x 5.8cm\u00a0<\/span><\/li>\n<li class=\"bb-so-1 c-border pt-3 pb-3\">Colores <span class=\"float-right fw-300\">Negro\/Azul\/Verde\/Amarillo\/Naranjo\/Rosado<\/span><\/li>\n<\/ul>\n<p>[\/vc_column_text][\/vc_column][vc_column width=\u00bb1\/2&#8243; offset=\u00bbvc_col-lg-5 vc_col-md-offset-0 vc_col-md-12 vc_col-xs-12&#8243; css=\u00bb.vc_custom_1540368067762{padding-top: 0px !important;}\u00bb][vc_column_text css=\u00bb.vc_custom_1550788035857{margin-bottom: 0px !important;padding-right: 10px !important;}\u00bb el_class=\u00bbtext-white\u00bb]<\/p>\n<ul class=\"list-unstyled\">\n<li class=\"bb-so-1 c-border pt-3 pb-3 \">Peso\u00a0<span class=\"float-right fw-300\">10g<\/span><\/li>\n<li class=\"bb-so-1 c-border pt-3 pb-3 \">Material <span class=\"float-right fw-300\">Polyuretano<\/span><\/li>\n<li class=\"bb-so-1 c-border pt-3 pb-3\">A\u00f1o\u00a0<span class=\"float-right fw-300\">2018<\/span><\/li>\n<\/ul>\n<p>[\/vc_column_text][\/vc_column][vc_column css=\u00bb.vc_custom_1540367708754{margin-top: 20px !important;}\u00bb][vc_single_image image=\u00bb9558&#8243; img_size=\u00bbfull\u00bb alignment=\u00bbcenter\u00bb][\/vc_column][\/vc_row][vc_row][vc_column][vc_custom_heading text=\u00bbLA AVENTURA\u00bb font_container=\u00bbtag:h2|font_size:14|text_align:center|color:%23666666&#8243; use_theme_fonts=\u00bbyes\u00bb enable_underline_wrap=\u00bb\u00bb el_class=\u00bbbefore-title-secondary ls-p-200&#8243;][vc_column_text css=\u00bb.vc_custom_1533119808515{padding-bottom: 13px !important;}\u00bb]<\/p>\n<p class=\"font-large c-heading ls-m-75 fw-5\" style=\"text-align: center;\">Lo que hemos imaginado<\/p>\n<p>[\/vc_column_text][\/vc_column][\/vc_row][vc_row equal_height=\u00bbyes\u00bb content_placement=\u00bbmiddle\u00bb css=\u00bb.vc_custom_1507170051839{padding-bottom: 20px !important;}\u00bb][vc_column width=\u00bb1\/2&#8243;][vc_single_image image=\u00bb8051&#8243; img_size=\u00bbfull\u00bb alignment=\u00bbcenter\u00bb][\/vc_column][vc_column width=\u00bb1\/2&#8243; offset=\u00bbvc_col-lg-offset-1 vc_col-lg-5&#8243;][vc_custom_heading text=\u00bb100% Practico\u00bb font_container=\u00bbtag:h3|font_size:20|text_align:left|color:%23000000&#8243; use_theme_fonts=\u00bbyes\u00bb enable_underline_wrap=\u00bb\u00bb el_class=\u00bbbefore-title-primary ls-m-40&#8243;][vc_column_text el_class=\u00bbpl-md-5&#8243;]Puedes colgarlo, doblarlo, guardarlo en tu bolsillo, bailar, tostar, llevarlo contigo a todas partes, luchar contra la contaminaci\u00f3n pl\u00e1stica, ayudar a salvar los oc\u00e9anos, reutilizarlo de por vida &#8230;[\/vc_column_text][\/vc_column][\/vc_row][vc_row equal_height=\u00bbyes\u00bb content_placement=\u00bbmiddle\u00bb css=\u00bb.vc_custom_1507170064450{padding-bottom: 20px !important;}\u00bb][vc_column width=\u00bb1\/2&#8243; offset=\u00bbvc_col-lg-5&#8243;][vc_custom_heading text=\u00bbMaterial de ALTA CALIDAD\u00bb font_container=\u00bbtag:h3|font_size:20|text_align:left|color:%23000000&#8243; use_theme_fonts=\u00bbyes\u00bb enable_underline_wrap=\u00bb\u00bb el_class=\u00bbbefore-title-primary ls-m-40&#8243;][vc_column_text el_class=\u00bbpl-md-5&#8243;]El termopl\u00e1stico de poliuretano forma este vaso es un material ampliamente utilizado en la industria alimentaria por su resistencia a las altas temperaturas y sus propiedades sanitarias. No se deteriora con el tiempo y no rechaza part\u00edculas t\u00f3xicas.[\/vc_column_text][\/vc_column][vc_column width=\u00bb1\/2&#8243; offset=\u00bbvc_col-lg-offset-1 vc_col-lg-6&#8243;][vc_single_image image=\u00bb8052&#8243; img_size=\u00bbfull\u00bb alignment=\u00bbcenter\u00bb][\/vc_column][\/vc_row][vc_row equal_height=\u00bbyes\u00bb content_placement=\u00bbmiddle\u00bb][vc_column width=\u00bb1\/2&#8243;][vc_single_image image=\u00bb8043&#8243; img_size=\u00bbfull\u00bb alignment=\u00bbcenter\u00bb][\/vc_column][vc_column width=\u00bb1\/2&#8243; offset=\u00bbvc_col-lg-offset-1 vc_col-lg-5&#8243;][vc_custom_heading text=\u00bbPersonalizable\u00bb font_container=\u00bbtag:h3|font_size:20|text_align:left|color:%23000000&#8243; use_theme_fonts=\u00bbyes\u00bb enable_underline_wrap=\u00bb\u00bb el_class=\u00bbbefore-title-primary ls-m-40&#8243;][vc_column_text el_class=\u00bbpl-md-5&#8243;]Uno de los otros objetivos de esta innovaci\u00f3n era poder ofrecer la posibilidad a las personas a quienes les gusta moverse, a guardar sus lentes en el bolsillo. Al salir a la naturaleza, durante los eventos musicales, en la playa &#8230; Evokup es la combinaci\u00f3n perfecta para combinar fiesta y refrigerio. Las organizaciones y la sociedad pueden comprar Evokup en su efigie y marcar\u00e1n a los esp\u00edritus con este vidrio duradero[\/vc_column_text][vc_btn title=\u00bbPedir su cotizaci\u00f3n personalizada\u00bb style=\u00bbbutton-secondary\u00bb shape=\u00bbsquare\u00bb size=\u00bbsm\u00bb align=\u00bbcenter\u00bb link=\u00bburl:http%3A%2F%2Fevokup.com%2Fproduit%2Fevokup-personnalises%2F|||\u00bb el_class=\u00bbpr-lg-5&#8243;][\/vc_column][\/vc_row]<\/p>","protected":false},"excerpt":{"rendered":"<p>[vc_row][vc_column][vc_video link=\u00bbhttps:\/\/youtu.be\/CZBrH2I6xyk\u00bb align=\u00bbcenter\u00bb title=\u00bbEn video\u00bb][\/vc_column][\/vc_row][vc_row equal_height=\u00bbyes\u00bb content_placement=\u00bbmiddle\u00bb][vc_column width=\u00bb5\/12&#8243; offset=\u00bbvc_col-lg-5&#8243;][vc_column_text] La idea La aventura Evokup se inspir\u00f3 en el cruce de nuestras aventuras de escalada y el descubrimiento de este incre\u00edble material. La necesidad constante de optimizar el peso del equipo de env\u00edo fue una de las primeras motivaciones. La idea era crear un contenedor ligero, &hellip; <\/p>\n<p class=\"link-more\"><a href=\"https:\/\/evokup.com\/es\/about-us\/\" class=\"more-link\">Read More <span class=\"screen-reader-text\"> \u00abL&#8217;histoire Evokup\u00bb<\/span><\/a><\/p>\n","protected":false},"author":1,"featured_media":0,"parent":0,"menu_order":0,"comment_status":"closed","ping_status":"closed","template":"","meta":{"footnotes":""},"class_list":["post-4431","page","type-page","status-publish","hentry"],"yoast_head":"<!-- This site is optimized with the Yoast SEO plugin v25.1 - https:\/\/yoast.com\/wordpress\/plugins\/seo\/ -->\n<title>L&#039;histoire Evokup - Evokup<\/title>\n<meta name=\"robots\" content=\"index, follow, max-snippet:-1, max-image-preview:large, max-video-preview:-1\" \/>\n<link rel=\"canonical\" href=\"https:\/\/evokup.com\/about-us\/\" \/>\n<meta property=\"og:locale\" content=\"es_ES\" \/>\n<meta property=\"og:type\" content=\"article\" \/>\n<meta property=\"og:title\" content=\"L&#039;histoire Evokup - Evokup\" \/>\n<meta property=\"og:description\" content=\"[vc_row][vc_column][vc_video link=\u00bbhttps:\/\/youtu.be\/CZBrH2I6xyk\u00bb align=\u00bbcenter\u00bb title=\u00bbEn video\u00bb][\/vc_column][\/vc_row][vc_row equal_height=\u00bbyes\u00bb content_placement=\u00bbmiddle\u00bb][vc_column width=\u00bb5\/12&#8243; offset=\u00bbvc_col-lg-5&#8243;][vc_column_text] La idea La aventura Evokup se inspir\u00f3 en el cruce de nuestras aventuras de escalada y el descubrimiento de este incre\u00edble material. La necesidad constante de optimizar el peso del equipo de env\u00edo fue una de las primeras motivaciones. La idea era crear un contenedor ligero, &hellip; Read More &quot;L&#8217;histoire Evokup&quot;\" \/>\n<meta property=\"og:url\" content=\"https:\/\/evokup.com\/about-us\/\" \/>\n<meta property=\"og:site_name\" content=\"Evokup\" \/>\n<meta property=\"article:publisher\" content=\"https:\/\/www.facebook.com\/Evokup\/\" \/>\n<meta property=\"article:modified_time\" content=\"2020-05-26T17:11:03+00:00\" \/>\n<meta name=\"twitter:card\" content=\"summary_large_image\" \/>\n<meta name=\"twitter:label1\" content=\"Tiempo de lectura\" \/>\n\t<meta name=\"twitter:data1\" content=\"12 minutos\" \/>\n<script type=\"application\/ld+json\" class=\"yoast-schema-graph\">{\"@context\":\"https:\/\/schema.org\",\"@graph\":[{\"@type\":\"WebPage\",\"@id\":\"https:\/\/evokup.com\/about-us\/\",\"url\":\"https:\/\/evokup.com\/about-us\/\",\"name\":\"L'histoire Evokup - Evokup\",\"isPartOf\":{\"@id\":\"https:\/\/evokup.com\/#website\"},\"datePublished\":\"2017-10-05T01:03:13+00:00\",\"dateModified\":\"2020-05-26T17:11:03+00:00\",\"breadcrumb\":{\"@id\":\"https:\/\/evokup.com\/about-us\/#breadcrumb\"},\"inLanguage\":\"es\",\"potentialAction\":[{\"@type\":\"ReadAction\",\"target\":[\"https:\/\/evokup.com\/about-us\/\"]}]},{\"@type\":\"BreadcrumbList\",\"@id\":\"https:\/\/evokup.com\/about-us\/#breadcrumb\",\"itemListElement\":[{\"@type\":\"ListItem\",\"position\":1,\"name\":\"Accueil\",\"item\":\"https:\/\/evokup.com\/\"},{\"@type\":\"ListItem\",\"position\":2,\"name\":\"L&rsquo;histoire Evokup\"}]},{\"@type\":\"WebSite\",\"@id\":\"https:\/\/evokup.com\/#website\",\"url\":\"https:\/\/evokup.com\/\",\"name\":\"Evokup\",\"description\":\"Drink &amp; Move\",\"publisher\":{\"@id\":\"https:\/\/evokup.com\/#organization\"},\"potentialAction\":[{\"@type\":\"SearchAction\",\"target\":{\"@type\":\"EntryPoint\",\"urlTemplate\":\"https:\/\/evokup.com\/?s={search_term_string}\"},\"query-input\":{\"@type\":\"PropertyValueSpecification\",\"valueRequired\":true,\"valueName\":\"search_term_string\"}}],\"inLanguage\":\"es\"},{\"@type\":\"Organization\",\"@id\":\"https:\/\/evokup.com\/#organization\",\"name\":\"Evokup\",\"url\":\"https:\/\/evokup.com\/\",\"logo\":{\"@type\":\"ImageObject\",\"inLanguage\":\"es\",\"@id\":\"https:\/\/evokup.com\/#\/schema\/logo\/image\/\",\"url\":\"https:\/\/evokup.com\/wp-content\/uploads\/2018\/10\/logo-evokup-alone-75-x-163.jpg\",\"contentUrl\":\"https:\/\/evokup.com\/wp-content\/uploads\/2018\/10\/logo-evokup-alone-75-x-163.jpg\",\"width\":163,\"height\":75,\"caption\":\"Evokup\"},\"image\":{\"@id\":\"https:\/\/evokup.com\/#\/schema\/logo\/image\/\"},\"sameAs\":[\"https:\/\/www.facebook.com\/Evokup\/\",\"https:\/\/www.instagram.com\/Evokup\/\"]}]}<\/script>\n<!-- \/ Yoast SEO plugin. -->","yoast_head_json":{"title":"L'histoire Evokup - Evokup","robots":{"index":"index","follow":"follow","max-snippet":"max-snippet:-1","max-image-preview":"max-image-preview:large","max-video-preview":"max-video-preview:-1"},"canonical":"https:\/\/evokup.com\/about-us\/","og_locale":"es_ES","og_type":"article","og_title":"L'histoire Evokup - Evokup","og_description":"[vc_row][vc_column][vc_video link=\u00bbhttps:\/\/youtu.be\/CZBrH2I6xyk\u00bb align=\u00bbcenter\u00bb title=\u00bbEn video\u00bb][\/vc_column][\/vc_row][vc_row equal_height=\u00bbyes\u00bb content_placement=\u00bbmiddle\u00bb][vc_column width=\u00bb5\/12&#8243; offset=\u00bbvc_col-lg-5&#8243;][vc_column_text] La idea La aventura Evokup se inspir\u00f3 en el cruce de nuestras aventuras de escalada y el descubrimiento de este incre\u00edble material. La necesidad constante de optimizar el peso del equipo de env\u00edo fue una de las primeras motivaciones. La idea era crear un contenedor ligero, &hellip; Read More \"L&#8217;histoire Evokup\"","og_url":"https:\/\/evokup.com\/about-us\/","og_site_name":"Evokup","article_publisher":"https:\/\/www.facebook.com\/Evokup\/","article_modified_time":"2020-05-26T17:11:03+00:00","twitter_card":"summary_large_image","twitter_misc":{"Tiempo de lectura":"12 minutos"},"schema":{"@context":"https:\/\/schema.org","@graph":[{"@type":"WebPage","@id":"https:\/\/evokup.com\/about-us\/","url":"https:\/\/evokup.com\/about-us\/","name":"L'histoire Evokup - Evokup","isPartOf":{"@id":"https:\/\/evokup.com\/#website"},"datePublished":"2017-10-05T01:03:13+00:00","dateModified":"2020-05-26T17:11:03+00:00","breadcrumb":{"@id":"https:\/\/evokup.com\/about-us\/#breadcrumb"},"inLanguage":"es","potentialAction":[{"@type":"ReadAction","target":["https:\/\/evokup.com\/about-us\/"]}]},{"@type":"BreadcrumbList","@id":"https:\/\/evokup.com\/about-us\/#breadcrumb","itemListElement":[{"@type":"ListItem","position":1,"name":"Accueil","item":"https:\/\/evokup.com\/"},{"@type":"ListItem","position":2,"name":"L&rsquo;histoire Evokup"}]},{"@type":"WebSite","@id":"https:\/\/evokup.com\/#website","url":"https:\/\/evokup.com\/","name":"Evokup","description":"Drink &amp; Move","publisher":{"@id":"https:\/\/evokup.com\/#organization"},"potentialAction":[{"@type":"SearchAction","target":{"@type":"EntryPoint","urlTemplate":"https:\/\/evokup.com\/?s={search_term_string}"},"query-input":{"@type":"PropertyValueSpecification","valueRequired":true,"valueName":"search_term_string"}}],"inLanguage":"es"},{"@type":"Organization","@id":"https:\/\/evokup.com\/#organization","name":"Evokup","url":"https:\/\/evokup.com\/","logo":{"@type":"ImageObject","inLanguage":"es","@id":"https:\/\/evokup.com\/#\/schema\/logo\/image\/","url":"https:\/\/evokup.com\/wp-content\/uploads\/2018\/10\/logo-evokup-alone-75-x-163.jpg","contentUrl":"https:\/\/evokup.com\/wp-content\/uploads\/2018\/10\/logo-evokup-alone-75-x-163.jpg","width":163,"height":75,"caption":"Evokup"},"image":{"@id":"https:\/\/evokup.com\/#\/schema\/logo\/image\/"},"sameAs":["https:\/\/www.facebook.com\/Evokup\/","https:\/\/www.instagram.com\/Evokup\/"]}]}},"_links":{"self":[{"href":"https:\/\/evokup.com\/es\/wp-json\/wp\/v2\/pages\/4431"}],"collection":[{"href":"https:\/\/evokup.com\/es\/wp-json\/wp\/v2\/pages"}],"about":[{"href":"https:\/\/evokup.com\/es\/wp-json\/wp\/v2\/types\/page"}],"author":[{"embeddable":true,"href":"https:\/\/evokup.com\/es\/wp-json\/wp\/v2\/users\/1"}],"replies":[{"embeddable":true,"href":"https:\/\/evokup.com\/es\/wp-json\/wp\/v2\/comments?post=4431"}],"version-history":[{"count":9,"href":"https:\/\/evokup.com\/es\/wp-json\/wp\/v2\/pages\/4431\/revisions"}],"predecessor-version":[{"id":14353,"href":"https:\/\/evokup.com\/es\/wp-json\/wp\/v2\/pages\/4431\/revisions\/14353"}],"wp:attachment":[{"href":"https:\/\/evokup.com\/es\/wp-json\/wp\/v2\/media?parent=4431"}],"curies":[{"name":"wp","href":"https:\/\/api.w.org\/{rel}","templated":true}]}}