{"id":14272,"date":"2020-02-10T22:06:17","date_gmt":"2020-02-10T21:06:17","guid":{"rendered":"https:\/\/evokup.com\/?post_type=product&#038;p=14272"},"modified":"2021-04-30T19:01:46","modified_gmt":"2021-04-30T17:01:46","slug":"evokup-33cl","status":"publish","type":"product","link":"https:\/\/evokup.com\/es\/produit\/evokup-33cl\/","title":{"rendered":"(Fran\u00e7ais) Evokup 33cl"},"content":{"rendered":"<p class=\"qtranxs-available-languages-message qtranxs-available-languages-message-es\">Disculpa, pero esta entrada est\u00e1 disponible s\u00f3lo en <a href=\"https:\/\/evokup.com\/fr\/wp-json\/wp\/v2\/product\/14272\" class=\"qtranxs-available-language-link qtranxs-available-language-link-fr\" title=\"Fran\u00e7ais\">Fran\u00e7ais<\/a>.<\/p>","protected":false},"excerpt":{"rendered":"<p>Disculpa, pero esta entrada est\u00e1 disponible s\u00f3lo en Fran\u00e7ais.<\/p>\n","protected":false},"featured_media":14273,"template":"","meta":[],"product_brand":[],"product_cat":[132],"product_tag":[],"class_list":{"0":"post-14272","1":"product","2":"type-product","3":"status-publish","4":"has-post-thumbnail","6":"product_cat-evokup","7":"product_shipping_class-unitaire","9":"first","10":"instock","11":"shipping-taxable","12":"purchasable","13":"product-type-variable"},"yoast_head":"<!-- This site is optimized with the Yoast SEO plugin v25.1 - https:\/\/yoast.com\/wordpress\/plugins\/seo\/ -->\n<title>(Fran\u00e7ais) Evokup 33cl - Evokup<\/title>\n<meta name=\"robots\" content=\"index, follow, max-snippet:-1, max-image-preview:large, max-video-preview:-1\" \/>\n<link rel=\"canonical\" href=\"https:\/\/evokup.com\/produit\/evokup-33cl\/\" \/>\n<meta property=\"og:locale\" content=\"es_ES\" \/>\n<meta property=\"og:type\" content=\"article\" \/>\n<meta property=\"og:title\" content=\"(Fran\u00e7ais) Evokup 33cl - Evokup\" \/>\n<meta property=\"og:description\" content=\"Disculpa, pero esta entrada est\u00e1 disponible s\u00f3lo en Fran\u00e7ais.\" \/>\n<meta property=\"og:url\" content=\"https:\/\/evokup.com\/produit\/evokup-33cl\/\" \/>\n<meta property=\"og:site_name\" content=\"Evokup\" \/>\n<meta property=\"article:publisher\" content=\"https:\/\/www.facebook.com\/Evokup\/\" \/>\n<meta property=\"article:modified_time\" content=\"2021-04-30T17:01:46+00:00\" \/>\n<meta property=\"og:image\" content=\"https:\/\/evokup.com\/wp-content\/uploads\/2020\/02\/web-33pack6.jpg\" \/>\n\t<meta property=\"og:image:width\" content=\"1200\" \/>\n\t<meta property=\"og:image:height\" content=\"809\" \/>\n\t<meta property=\"og:image:type\" content=\"image\/jpeg\" \/>\n<meta name=\"twitter:card\" content=\"summary_large_image\" \/>\n<script type=\"application\/ld+json\" class=\"yoast-schema-graph\">{\"@context\":\"https:\/\/schema.org\",\"@graph\":[{\"@type\":\"WebPage\",\"@id\":\"https:\/\/evokup.com\/produit\/evokup-33cl\/\",\"url\":\"https:\/\/evokup.com\/produit\/evokup-33cl\/\",\"name\":\"(Fran\u00e7ais) Evokup 33cl - Evokup\",\"isPartOf\":{\"@id\":\"https:\/\/evokup.com\/#website\"},\"primaryImageOfPage\":{\"@id\":\"https:\/\/evokup.com\/produit\/evokup-33cl\/#primaryimage\"},\"image\":{\"@id\":\"https:\/\/evokup.com\/produit\/evokup-33cl\/#primaryimage\"},\"thumbnailUrl\":\"https:\/\/evokup.com\/wp-content\/uploads\/2020\/02\/web-33pack6.jpg\",\"datePublished\":\"2020-02-10T21:06:17+00:00\",\"dateModified\":\"2021-04-30T17:01:46+00:00\",\"breadcrumb\":{\"@id\":\"https:\/\/evokup.com\/produit\/evokup-33cl\/#breadcrumb\"},\"inLanguage\":\"es\",\"potentialAction\":[{\"@type\":\"ReadAction\",\"target\":[\"https:\/\/evokup.com\/produit\/evokup-33cl\/\"]}]},{\"@type\":\"ImageObject\",\"inLanguage\":\"es\",\"@id\":\"https:\/\/evokup.com\/produit\/evokup-33cl\/#primaryimage\",\"url\":\"https:\/\/evokup.com\/wp-content\/uploads\/2020\/02\/web-33pack6.jpg\",\"contentUrl\":\"https:\/\/evokup.com\/wp-content\/uploads\/2020\/02\/web-33pack6.jpg\",\"width\":1200,\"height\":809,\"caption\":\"Evokup 33cl souple les moins chers sur www.evokup.com\"},{\"@type\":\"BreadcrumbList\",\"@id\":\"https:\/\/evokup.com\/produit\/evokup-33cl\/#breadcrumb\",\"itemListElement\":[{\"@type\":\"ListItem\",\"position\":1,\"name\":\"Accueil\",\"item\":\"https:\/\/evokup.com\/\"},{\"@type\":\"ListItem\",\"position\":2,\"name\":\"Shop\",\"item\":\"https:\/\/evokup.com\/boutique-2\/\"},{\"@type\":\"ListItem\",\"position\":3,\"name\":\"Evokup 33cl\"}]},{\"@type\":\"WebSite\",\"@id\":\"https:\/\/evokup.com\/#website\",\"url\":\"https:\/\/evokup.com\/\",\"name\":\"Evokup\",\"description\":\"Drink &amp; Move\",\"publisher\":{\"@id\":\"https:\/\/evokup.com\/#organization\"},\"potentialAction\":[{\"@type\":\"SearchAction\",\"target\":{\"@type\":\"EntryPoint\",\"urlTemplate\":\"https:\/\/evokup.com\/?s={search_term_string}\"},\"query-input\":{\"@type\":\"PropertyValueSpecification\",\"valueRequired\":true,\"valueName\":\"search_term_string\"}}],\"inLanguage\":\"es\"},{\"@type\":\"Organization\",\"@id\":\"https:\/\/evokup.com\/#organization\",\"name\":\"Evokup\",\"url\":\"https:\/\/evokup.com\/\",\"logo\":{\"@type\":\"ImageObject\",\"inLanguage\":\"es\",\"@id\":\"https:\/\/evokup.com\/#\/schema\/logo\/image\/\",\"url\":\"https:\/\/evokup.com\/wp-content\/uploads\/2018\/10\/logo-evokup-alone-75-x-163.jpg\",\"contentUrl\":\"https:\/\/evokup.com\/wp-content\/uploads\/2018\/10\/logo-evokup-alone-75-x-163.jpg\",\"width\":163,\"height\":75,\"caption\":\"Evokup\"},\"image\":{\"@id\":\"https:\/\/evokup.com\/#\/schema\/logo\/image\/\"},\"sameAs\":[\"https:\/\/www.facebook.com\/Evokup\/\",\"https:\/\/www.instagram.com\/Evokup\/\"]}]}<\/script>\n<!-- \/ Yoast SEO plugin. -->","yoast_head_json":{"title":"(Fran\u00e7ais) Evokup 33cl - Evokup","robots":{"index":"index","follow":"follow","max-snippet":"max-snippet:-1","max-image-preview":"max-image-preview:large","max-video-preview":"max-video-preview:-1"},"canonical":"https:\/\/evokup.com\/produit\/evokup-33cl\/","og_locale":"es_ES","og_type":"article","og_title":"(Fran\u00e7ais) Evokup 33cl - Evokup","og_description":"Disculpa, pero esta entrada est\u00e1 disponible s\u00f3lo en Fran\u00e7ais.","og_url":"https:\/\/evokup.com\/produit\/evokup-33cl\/","og_site_name":"Evokup","article_publisher":"https:\/\/www.facebook.com\/Evokup\/","article_modified_time":"2021-04-30T17:01:46+00:00","og_image":[{"width":1200,"height":809,"url":"https:\/\/evokup.com\/wp-content\/uploads\/2020\/02\/web-33pack6.jpg","type":"image\/jpeg"}],"twitter_card":"summary_large_image","schema":{"@context":"https:\/\/schema.org","@graph":[{"@type":"WebPage","@id":"https:\/\/evokup.com\/produit\/evokup-33cl\/","url":"https:\/\/evokup.com\/produit\/evokup-33cl\/","name":"(Fran\u00e7ais) Evokup 33cl - Evokup","isPartOf":{"@id":"https:\/\/evokup.com\/#website"},"primaryImageOfPage":{"@id":"https:\/\/evokup.com\/produit\/evokup-33cl\/#primaryimage"},"image":{"@id":"https:\/\/evokup.com\/produit\/evokup-33cl\/#primaryimage"},"thumbnailUrl":"https:\/\/evokup.com\/wp-content\/uploads\/2020\/02\/web-33pack6.jpg","datePublished":"2020-02-10T21:06:17+00:00","dateModified":"2021-04-30T17:01:46+00:00","breadcrumb":{"@id":"https:\/\/evokup.com\/produit\/evokup-33cl\/#breadcrumb"},"inLanguage":"es","potentialAction":[{"@type":"ReadAction","target":["https:\/\/evokup.com\/produit\/evokup-33cl\/"]}]},{"@type":"ImageObject","inLanguage":"es","@id":"https:\/\/evokup.com\/produit\/evokup-33cl\/#primaryimage","url":"https:\/\/evokup.com\/wp-content\/uploads\/2020\/02\/web-33pack6.jpg","contentUrl":"https:\/\/evokup.com\/wp-content\/uploads\/2020\/02\/web-33pack6.jpg","width":1200,"height":809,"caption":"Evokup 33cl souple les moins chers sur www.evokup.com"},{"@type":"BreadcrumbList","@id":"https:\/\/evokup.com\/produit\/evokup-33cl\/#breadcrumb","itemListElement":[{"@type":"ListItem","position":1,"name":"Accueil","item":"https:\/\/evokup.com\/"},{"@type":"ListItem","position":2,"name":"Shop","item":"https:\/\/evokup.com\/boutique-2\/"},{"@type":"ListItem","position":3,"name":"Evokup 33cl"}]},{"@type":"WebSite","@id":"https:\/\/evokup.com\/#website","url":"https:\/\/evokup.com\/","name":"Evokup","description":"Drink &amp; Move","publisher":{"@id":"https:\/\/evokup.com\/#organization"},"potentialAction":[{"@type":"SearchAction","target":{"@type":"EntryPoint","urlTemplate":"https:\/\/evokup.com\/?s={search_term_string}"},"query-input":{"@type":"PropertyValueSpecification","valueRequired":true,"valueName":"search_term_string"}}],"inLanguage":"es"},{"@type":"Organization","@id":"https:\/\/evokup.com\/#organization","name":"Evokup","url":"https:\/\/evokup.com\/","logo":{"@type":"ImageObject","inLanguage":"es","@id":"https:\/\/evokup.com\/#\/schema\/logo\/image\/","url":"https:\/\/evokup.com\/wp-content\/uploads\/2018\/10\/logo-evokup-alone-75-x-163.jpg","contentUrl":"https:\/\/evokup.com\/wp-content\/uploads\/2018\/10\/logo-evokup-alone-75-x-163.jpg","width":163,"height":75,"caption":"Evokup"},"image":{"@id":"https:\/\/evokup.com\/#\/schema\/logo\/image\/"},"sameAs":["https:\/\/www.facebook.com\/Evokup\/","https:\/\/www.instagram.com\/Evokup\/"]}]}},"_links":{"self":[{"href":"https:\/\/evokup.com\/es\/wp-json\/wp\/v2\/product\/14272"}],"collection":[{"href":"https:\/\/evokup.com\/es\/wp-json\/wp\/v2\/product"}],"about":[{"href":"https:\/\/evokup.com\/es\/wp-json\/wp\/v2\/types\/product"}],"wp:featuredmedia":[{"embeddable":true,"href":"https:\/\/evokup.com\/es\/wp-json\/wp\/v2\/media\/14273"}],"wp:attachment":[{"href":"https:\/\/evokup.com\/es\/wp-json\/wp\/v2\/media?parent=14272"}],"wp:term":[{"taxonomy":"product_brand","embeddable":true,"href":"https:\/\/evokup.com\/es\/wp-json\/wp\/v2\/product_brand?post=14272"},{"taxonomy":"product_cat","embeddable":true,"href":"https:\/\/evokup.com\/es\/wp-json\/wp\/v2\/product_cat?post=14272"},{"taxonomy":"product_tag","embeddable":true,"href":"https:\/\/evokup.com\/es\/wp-json\/wp\/v2\/product_tag?post=14272"}],"curies":[{"name":"wp","href":"https:\/\/api.w.org\/{rel}","templated":true}]}}