{"id":8061,"date":"2018-07-31T17:29:41","date_gmt":"2018-07-31T15:29:41","guid":{"rendered":"http:\/\/evokup.com\/?post_type=product&#038;p=8061"},"modified":"2025-06-03T13:04:32","modified_gmt":"2025-06-03T11:04:32","slug":"evokup-yellow","status":"publish","type":"product","link":"https:\/\/evokup.com\/es\/produit\/evokup-yellow\/","title":{"rendered":"Evokup Yellow"},"content":{"rendered":"<p class=\"qtranxs-available-languages-message qtranxs-available-languages-message-es\">Disculpa, pero esta entrada est\u00e1 disponible s\u00f3lo en <a href=\"https:\/\/evokup.com\/fr\/wp-json\/wp\/v2\/product\/8061\" class=\"qtranxs-available-language-link qtranxs-available-language-link-fr\" title=\"Fran\u00e7ais\">Fran\u00e7ais<\/a>.<\/p>","protected":false},"excerpt":{"rendered":"<p>Disculpa, pero esta entrada est\u00e1 disponible s\u00f3lo en Fran\u00e7ais.<\/p>\n","protected":false},"featured_media":8042,"template":"","meta":[],"product_brand":[],"product_cat":[132],"product_tag":[],"class_list":{"0":"post-8061","1":"product","2":"type-product","3":"status-publish","4":"has-post-thumbnail","6":"product_cat-evokup","7":"product_shipping_class-unitaire","9":"first","10":"instock","11":"shipping-taxable","12":"purchasable","13":"product-type-simple"},"yoast_head":"<!-- This site is optimized with the Yoast SEO plugin v25.1 - https:\/\/yoast.com\/wordpress\/plugins\/seo\/ -->\n<title>Evokup Yellow - Evokup<\/title>\n<meta name=\"robots\" content=\"index, follow, max-snippet:-1, max-image-preview:large, max-video-preview:-1\" \/>\n<link rel=\"canonical\" href=\"https:\/\/evokup.com\/produit\/evokup-yellow\/\" \/>\n<meta property=\"og:locale\" content=\"es_ES\" \/>\n<meta property=\"og:type\" content=\"article\" \/>\n<meta property=\"og:title\" content=\"Evokup Yellow - Evokup\" \/>\n<meta property=\"og:description\" content=\"Disculpa, pero esta entrada est\u00e1 disponible s\u00f3lo en Fran\u00e7ais.\" \/>\n<meta property=\"og:url\" content=\"https:\/\/evokup.com\/produit\/evokup-yellow\/\" \/>\n<meta property=\"og:site_name\" content=\"Evokup\" \/>\n<meta property=\"article:publisher\" content=\"https:\/\/www.facebook.com\/Evokup\/\" \/>\n<meta property=\"article:modified_time\" content=\"2025-06-03T11:04:32+00:00\" \/>\n<meta property=\"og:image\" content=\"https:\/\/evokup.com\/wp-content\/uploads\/2018\/07\/yellow.jpg\" \/>\n\t<meta property=\"og:image:width\" content=\"1200\" \/>\n\t<meta property=\"og:image:height\" content=\"900\" \/>\n\t<meta property=\"og:image:type\" content=\"image\/jpeg\" \/>\n<meta name=\"twitter:card\" content=\"summary_large_image\" \/>\n<meta name=\"twitter:label1\" content=\"Tiempo de lectura\" \/>\n\t<meta name=\"twitter:data1\" content=\"1 minuto\" \/>\n<script type=\"application\/ld+json\" class=\"yoast-schema-graph\">{\"@context\":\"https:\/\/schema.org\",\"@graph\":[{\"@type\":\"WebPage\",\"@id\":\"https:\/\/evokup.com\/produit\/evokup-yellow\/\",\"url\":\"https:\/\/evokup.com\/produit\/evokup-yellow\/\",\"name\":\"Evokup Yellow - Evokup\",\"isPartOf\":{\"@id\":\"https:\/\/evokup.com\/#website\"},\"primaryImageOfPage\":{\"@id\":\"https:\/\/evokup.com\/produit\/evokup-yellow\/#primaryimage\"},\"image\":{\"@id\":\"https:\/\/evokup.com\/produit\/evokup-yellow\/#primaryimage\"},\"thumbnailUrl\":\"https:\/\/evokup.com\/wp-content\/uploads\/2018\/07\/yellow.jpg\",\"datePublished\":\"2018-07-31T15:29:41+00:00\",\"dateModified\":\"2025-06-03T11:04:32+00:00\",\"breadcrumb\":{\"@id\":\"https:\/\/evokup.com\/produit\/evokup-yellow\/#breadcrumb\"},\"inLanguage\":\"es\",\"potentialAction\":[{\"@type\":\"ReadAction\",\"target\":[\"https:\/\/evokup.com\/produit\/evokup-yellow\/\"]}]},{\"@type\":\"ImageObject\",\"inLanguage\":\"es\",\"@id\":\"https:\/\/evokup.com\/produit\/evokup-yellow\/#primaryimage\",\"url\":\"https:\/\/evokup.com\/wp-content\/uploads\/2018\/07\/yellow.jpg\",\"contentUrl\":\"https:\/\/evokup.com\/wp-content\/uploads\/2018\/07\/yellow.jpg\",\"width\":1200,\"height\":900},{\"@type\":\"BreadcrumbList\",\"@id\":\"https:\/\/evokup.com\/produit\/evokup-yellow\/#breadcrumb\",\"itemListElement\":[{\"@type\":\"ListItem\",\"position\":1,\"name\":\"Accueil\",\"item\":\"https:\/\/evokup.com\/\"},{\"@type\":\"ListItem\",\"position\":2,\"name\":\"Shop\",\"item\":\"https:\/\/evokup.com\/boutique-2\/\"},{\"@type\":\"ListItem\",\"position\":3,\"name\":\"Evokup Yellow\"}]},{\"@type\":\"WebSite\",\"@id\":\"https:\/\/evokup.com\/#website\",\"url\":\"https:\/\/evokup.com\/\",\"name\":\"Evokup\",\"description\":\"Drink &amp; Move\",\"publisher\":{\"@id\":\"https:\/\/evokup.com\/#organization\"},\"potentialAction\":[{\"@type\":\"SearchAction\",\"target\":{\"@type\":\"EntryPoint\",\"urlTemplate\":\"https:\/\/evokup.com\/?s={search_term_string}\"},\"query-input\":{\"@type\":\"PropertyValueSpecification\",\"valueRequired\":true,\"valueName\":\"search_term_string\"}}],\"inLanguage\":\"es\"},{\"@type\":\"Organization\",\"@id\":\"https:\/\/evokup.com\/#organization\",\"name\":\"Evokup\",\"url\":\"https:\/\/evokup.com\/\",\"logo\":{\"@type\":\"ImageObject\",\"inLanguage\":\"es\",\"@id\":\"https:\/\/evokup.com\/#\/schema\/logo\/image\/\",\"url\":\"https:\/\/evokup.com\/wp-content\/uploads\/2018\/10\/logo-evokup-alone-75-x-163.jpg\",\"contentUrl\":\"https:\/\/evokup.com\/wp-content\/uploads\/2018\/10\/logo-evokup-alone-75-x-163.jpg\",\"width\":163,\"height\":75,\"caption\":\"Evokup\"},\"image\":{\"@id\":\"https:\/\/evokup.com\/#\/schema\/logo\/image\/\"},\"sameAs\":[\"https:\/\/www.facebook.com\/Evokup\/\",\"https:\/\/www.instagram.com\/Evokup\/\"]}]}<\/script>\n<!-- \/ Yoast SEO plugin. -->","yoast_head_json":{"title":"Evokup Yellow - Evokup","robots":{"index":"index","follow":"follow","max-snippet":"max-snippet:-1","max-image-preview":"max-image-preview:large","max-video-preview":"max-video-preview:-1"},"canonical":"https:\/\/evokup.com\/produit\/evokup-yellow\/","og_locale":"es_ES","og_type":"article","og_title":"Evokup Yellow - Evokup","og_description":"Disculpa, pero esta entrada est\u00e1 disponible s\u00f3lo en Fran\u00e7ais.","og_url":"https:\/\/evokup.com\/produit\/evokup-yellow\/","og_site_name":"Evokup","article_publisher":"https:\/\/www.facebook.com\/Evokup\/","article_modified_time":"2025-06-03T11:04:32+00:00","og_image":[{"width":1200,"height":900,"url":"https:\/\/evokup.com\/wp-content\/uploads\/2018\/07\/yellow.jpg","type":"image\/jpeg"}],"twitter_card":"summary_large_image","twitter_misc":{"Tiempo de lectura":"1 minuto"},"schema":{"@context":"https:\/\/schema.org","@graph":[{"@type":"WebPage","@id":"https:\/\/evokup.com\/produit\/evokup-yellow\/","url":"https:\/\/evokup.com\/produit\/evokup-yellow\/","name":"Evokup Yellow - Evokup","isPartOf":{"@id":"https:\/\/evokup.com\/#website"},"primaryImageOfPage":{"@id":"https:\/\/evokup.com\/produit\/evokup-yellow\/#primaryimage"},"image":{"@id":"https:\/\/evokup.com\/produit\/evokup-yellow\/#primaryimage"},"thumbnailUrl":"https:\/\/evokup.com\/wp-content\/uploads\/2018\/07\/yellow.jpg","datePublished":"2018-07-31T15:29:41+00:00","dateModified":"2025-06-03T11:04:32+00:00","breadcrumb":{"@id":"https:\/\/evokup.com\/produit\/evokup-yellow\/#breadcrumb"},"inLanguage":"es","potentialAction":[{"@type":"ReadAction","target":["https:\/\/evokup.com\/produit\/evokup-yellow\/"]}]},{"@type":"ImageObject","inLanguage":"es","@id":"https:\/\/evokup.com\/produit\/evokup-yellow\/#primaryimage","url":"https:\/\/evokup.com\/wp-content\/uploads\/2018\/07\/yellow.jpg","contentUrl":"https:\/\/evokup.com\/wp-content\/uploads\/2018\/07\/yellow.jpg","width":1200,"height":900},{"@type":"BreadcrumbList","@id":"https:\/\/evokup.com\/produit\/evokup-yellow\/#breadcrumb","itemListElement":[{"@type":"ListItem","position":1,"name":"Accueil","item":"https:\/\/evokup.com\/"},{"@type":"ListItem","position":2,"name":"Shop","item":"https:\/\/evokup.com\/boutique-2\/"},{"@type":"ListItem","position":3,"name":"Evokup Yellow"}]},{"@type":"WebSite","@id":"https:\/\/evokup.com\/#website","url":"https:\/\/evokup.com\/","name":"Evokup","description":"Drink &amp; Move","publisher":{"@id":"https:\/\/evokup.com\/#organization"},"potentialAction":[{"@type":"SearchAction","target":{"@type":"EntryPoint","urlTemplate":"https:\/\/evokup.com\/?s={search_term_string}"},"query-input":{"@type":"PropertyValueSpecification","valueRequired":true,"valueName":"search_term_string"}}],"inLanguage":"es"},{"@type":"Organization","@id":"https:\/\/evokup.com\/#organization","name":"Evokup","url":"https:\/\/evokup.com\/","logo":{"@type":"ImageObject","inLanguage":"es","@id":"https:\/\/evokup.com\/#\/schema\/logo\/image\/","url":"https:\/\/evokup.com\/wp-content\/uploads\/2018\/10\/logo-evokup-alone-75-x-163.jpg","contentUrl":"https:\/\/evokup.com\/wp-content\/uploads\/2018\/10\/logo-evokup-alone-75-x-163.jpg","width":163,"height":75,"caption":"Evokup"},"image":{"@id":"https:\/\/evokup.com\/#\/schema\/logo\/image\/"},"sameAs":["https:\/\/www.facebook.com\/Evokup\/","https:\/\/www.instagram.com\/Evokup\/"]}]}},"_links":{"self":[{"href":"https:\/\/evokup.com\/es\/wp-json\/wp\/v2\/product\/8061"}],"collection":[{"href":"https:\/\/evokup.com\/es\/wp-json\/wp\/v2\/product"}],"about":[{"href":"https:\/\/evokup.com\/es\/wp-json\/wp\/v2\/types\/product"}],"wp:featuredmedia":[{"embeddable":true,"href":"https:\/\/evokup.com\/es\/wp-json\/wp\/v2\/media\/8042"}],"wp:attachment":[{"href":"https:\/\/evokup.com\/es\/wp-json\/wp\/v2\/media?parent=8061"}],"wp:term":[{"taxonomy":"product_brand","embeddable":true,"href":"https:\/\/evokup.com\/es\/wp-json\/wp\/v2\/product_brand?post=8061"},{"taxonomy":"product_cat","embeddable":true,"href":"https:\/\/evokup.com\/es\/wp-json\/wp\/v2\/product_cat?post=8061"},{"taxonomy":"product_tag","embeddable":true,"href":"https:\/\/evokup.com\/es\/wp-json\/wp\/v2\/product_tag?post=8061"}],"curies":[{"name":"wp","href":"https:\/\/api.w.org\/{rel}","templated":true}]}}