{"id":8169,"date":"2018-09-19T16:41:15","date_gmt":"2018-09-19T14:41:15","guid":{"rendered":"http:\/\/evokup.com\/?post_type=product&#038;p=8169"},"modified":"2025-02-27T23:39:25","modified_gmt":"2025-02-27T22:39:25","slug":"evokup-personnalises","status":"publish","type":"product","link":"https:\/\/evokup.com\/es\/produit\/evokup-personnalises\/","title":{"rendered":"Su cotizaci\u00f3n Evokup <br> <a style=\"color:#32CD32\"> Personalizada"},"content":{"rendered":"<p>Personalice Evokup con los colores de su empresa, su organizaci\u00f3n, su evento&#8230;<\/p>","protected":false},"excerpt":{"rendered":"<h2>Crea tu proprio Evokup !<\/h2>\n<h6>Descargar la plantilla :<br \/>\n<a href=\"http:\/\/evokup.com\/gabarit\/Gabarit_Evokup.psd\">PSD<\/a>\u00a0|\u00a0<a href=\"http:\/\/evokup.com\/gabarit\/Gabarit_Evokup.ai\">AI<\/a>\u00a0|\u00a0<a href=\"http:\/\/evokup.com\/gabarit\/Gabarit_Evokup.pdf\">PDF<\/a><\/h6>\n<p>&nbsp;<\/p>\n","protected":false},"featured_media":8478,"template":"","meta":[],"product_brand":[],"product_cat":[134],"product_tag":[],"class_list":{"0":"post-8169","1":"product","2":"type-product","3":"status-publish","4":"has-post-thumbnail","6":"product_cat-evokup-business-personnalisable","8":"first","9":"instock","10":"shipping-taxable","11":"product-type-variable"},"yoast_head":"<!-- This site is optimized with the Yoast SEO plugin v25.1 - https:\/\/yoast.com\/wordpress\/plugins\/seo\/ -->\n<title>Su cotizaci\u00f3n Evokup   Personalizada - Evokup<\/title>\n<meta name=\"robots\" content=\"index, follow, max-snippet:-1, max-image-preview:large, max-video-preview:-1\" \/>\n<link rel=\"canonical\" href=\"https:\/\/evokup.com\/produit\/evokup-personnalises\/\" \/>\n<meta property=\"og:locale\" content=\"es_ES\" \/>\n<meta property=\"og:type\" content=\"article\" \/>\n<meta property=\"og:title\" content=\"Su cotizaci\u00f3n Evokup   Personalizada - Evokup\" \/>\n<meta property=\"og:description\" content=\"[:fr]Cr\u00e9ez votre propre Evokup ! T\u00e9l\u00e9charger le gabarit pour votre fichier d&#039;impression : PSD\u00a0|\u00a0AI\u00a0|\u00a0PDF &nbsp;[:en]Build your own Evokup ! Download the template : PSD\u00a0|\u00a0AI\u00a0|\u00a0PDF &nbsp;[:es]Crea tu proprio Evokup ! Descargar la plantilla : PSD\u00a0|\u00a0AI\u00a0|\u00a0PDF &nbsp;[:]\" \/>\n<meta property=\"og:url\" content=\"https:\/\/evokup.com\/produit\/evokup-personnalises\/\" \/>\n<meta property=\"og:site_name\" content=\"Evokup\" \/>\n<meta property=\"article:publisher\" content=\"https:\/\/www.facebook.com\/Evokup\/\" \/>\n<meta property=\"article:modified_time\" content=\"2025-02-27T22:39:25+00:00\" \/>\n<meta property=\"og:image\" content=\"https:\/\/evokup.com\/wp-content\/uploads\/2018\/09\/cup-\u00e0-customiser.jpg\" \/>\n\t<meta property=\"og:image:width\" content=\"1600\" \/>\n\t<meta property=\"og:image:height\" content=\"945\" \/>\n\t<meta property=\"og:image:type\" content=\"image\/jpeg\" \/>\n<meta name=\"twitter:card\" content=\"summary_large_image\" \/>\n<meta name=\"twitter:label1\" content=\"Tiempo de lectura\" \/>\n\t<meta name=\"twitter:data1\" content=\"1 minuto\" \/>\n<script type=\"application\/ld+json\" class=\"yoast-schema-graph\">{\"@context\":\"https:\/\/schema.org\",\"@graph\":[{\"@type\":\"WebPage\",\"@id\":\"https:\/\/evokup.com\/produit\/evokup-personnalises\/\",\"url\":\"https:\/\/evokup.com\/produit\/evokup-personnalises\/\",\"name\":\"Su cotizaci\u00f3n Evokup Personalizada - Evokup\",\"isPartOf\":{\"@id\":\"https:\/\/evokup.com\/#website\"},\"primaryImageOfPage\":{\"@id\":\"https:\/\/evokup.com\/produit\/evokup-personnalises\/#primaryimage\"},\"image\":{\"@id\":\"https:\/\/evokup.com\/produit\/evokup-personnalises\/#primaryimage\"},\"thumbnailUrl\":\"https:\/\/evokup.com\/wp-content\/uploads\/2018\/09\/cup-\u00e0-customiser.jpg\",\"datePublished\":\"2018-09-19T14:41:15+00:00\",\"dateModified\":\"2025-02-27T22:39:25+00:00\",\"breadcrumb\":{\"@id\":\"https:\/\/evokup.com\/produit\/evokup-personnalises\/#breadcrumb\"},\"inLanguage\":\"es\",\"potentialAction\":[{\"@type\":\"ReadAction\",\"target\":[\"https:\/\/evokup.com\/produit\/evokup-personnalises\/\"]}]},{\"@type\":\"ImageObject\",\"inLanguage\":\"es\",\"@id\":\"https:\/\/evokup.com\/produit\/evokup-personnalises\/#primaryimage\",\"url\":\"https:\/\/evokup.com\/wp-content\/uploads\/2018\/09\/cup-\u00e0-customiser.jpg\",\"contentUrl\":\"https:\/\/evokup.com\/wp-content\/uploads\/2018\/09\/cup-\u00e0-customiser.jpg\",\"width\":1600,\"height\":945},{\"@type\":\"BreadcrumbList\",\"@id\":\"https:\/\/evokup.com\/produit\/evokup-personnalises\/#breadcrumb\",\"itemListElement\":[{\"@type\":\"ListItem\",\"position\":1,\"name\":\"Accueil\",\"item\":\"https:\/\/evokup.com\/\"},{\"@type\":\"ListItem\",\"position\":2,\"name\":\"Shop\",\"item\":\"https:\/\/evokup.com\/boutique-2\/\"},{\"@type\":\"ListItem\",\"position\":3,\"name\":\"Votre devis Evokup Sur-Mesure\"}]},{\"@type\":\"WebSite\",\"@id\":\"https:\/\/evokup.com\/#website\",\"url\":\"https:\/\/evokup.com\/\",\"name\":\"Evokup\",\"description\":\"Drink &amp; Move\",\"publisher\":{\"@id\":\"https:\/\/evokup.com\/#organization\"},\"potentialAction\":[{\"@type\":\"SearchAction\",\"target\":{\"@type\":\"EntryPoint\",\"urlTemplate\":\"https:\/\/evokup.com\/?s={search_term_string}\"},\"query-input\":{\"@type\":\"PropertyValueSpecification\",\"valueRequired\":true,\"valueName\":\"search_term_string\"}}],\"inLanguage\":\"es\"},{\"@type\":\"Organization\",\"@id\":\"https:\/\/evokup.com\/#organization\",\"name\":\"Evokup\",\"url\":\"https:\/\/evokup.com\/\",\"logo\":{\"@type\":\"ImageObject\",\"inLanguage\":\"es\",\"@id\":\"https:\/\/evokup.com\/#\/schema\/logo\/image\/\",\"url\":\"https:\/\/evokup.com\/wp-content\/uploads\/2018\/10\/logo-evokup-alone-75-x-163.jpg\",\"contentUrl\":\"https:\/\/evokup.com\/wp-content\/uploads\/2018\/10\/logo-evokup-alone-75-x-163.jpg\",\"width\":163,\"height\":75,\"caption\":\"Evokup\"},\"image\":{\"@id\":\"https:\/\/evokup.com\/#\/schema\/logo\/image\/\"},\"sameAs\":[\"https:\/\/www.facebook.com\/Evokup\/\",\"https:\/\/www.instagram.com\/Evokup\/\"]}]}<\/script>\n<!-- \/ Yoast SEO plugin. -->","yoast_head_json":{"title":"Su cotizaci\u00f3n Evokup   Personalizada - Evokup","robots":{"index":"index","follow":"follow","max-snippet":"max-snippet:-1","max-image-preview":"max-image-preview:large","max-video-preview":"max-video-preview:-1"},"canonical":"https:\/\/evokup.com\/produit\/evokup-personnalises\/","og_locale":"es_ES","og_type":"article","og_title":"Su cotizaci\u00f3n Evokup   Personalizada - Evokup","og_description":"[:fr]Cr\u00e9ez votre propre Evokup ! T\u00e9l\u00e9charger le gabarit pour votre fichier d'impression : PSD\u00a0|\u00a0AI\u00a0|\u00a0PDF &nbsp;[:en]Build your own Evokup ! Download the template : PSD\u00a0|\u00a0AI\u00a0|\u00a0PDF &nbsp;[:es]Crea tu proprio Evokup ! Descargar la plantilla : PSD\u00a0|\u00a0AI\u00a0|\u00a0PDF &nbsp;[:]","og_url":"https:\/\/evokup.com\/produit\/evokup-personnalises\/","og_site_name":"Evokup","article_publisher":"https:\/\/www.facebook.com\/Evokup\/","article_modified_time":"2025-02-27T22:39:25+00:00","og_image":[{"width":1600,"height":945,"url":"https:\/\/evokup.com\/wp-content\/uploads\/2018\/09\/cup-\u00e0-customiser.jpg","type":"image\/jpeg"}],"twitter_card":"summary_large_image","twitter_misc":{"Tiempo de lectura":"1 minuto"},"schema":{"@context":"https:\/\/schema.org","@graph":[{"@type":"WebPage","@id":"https:\/\/evokup.com\/produit\/evokup-personnalises\/","url":"https:\/\/evokup.com\/produit\/evokup-personnalises\/","name":"Su cotizaci\u00f3n Evokup Personalizada - Evokup","isPartOf":{"@id":"https:\/\/evokup.com\/#website"},"primaryImageOfPage":{"@id":"https:\/\/evokup.com\/produit\/evokup-personnalises\/#primaryimage"},"image":{"@id":"https:\/\/evokup.com\/produit\/evokup-personnalises\/#primaryimage"},"thumbnailUrl":"https:\/\/evokup.com\/wp-content\/uploads\/2018\/09\/cup-\u00e0-customiser.jpg","datePublished":"2018-09-19T14:41:15+00:00","dateModified":"2025-02-27T22:39:25+00:00","breadcrumb":{"@id":"https:\/\/evokup.com\/produit\/evokup-personnalises\/#breadcrumb"},"inLanguage":"es","potentialAction":[{"@type":"ReadAction","target":["https:\/\/evokup.com\/produit\/evokup-personnalises\/"]}]},{"@type":"ImageObject","inLanguage":"es","@id":"https:\/\/evokup.com\/produit\/evokup-personnalises\/#primaryimage","url":"https:\/\/evokup.com\/wp-content\/uploads\/2018\/09\/cup-\u00e0-customiser.jpg","contentUrl":"https:\/\/evokup.com\/wp-content\/uploads\/2018\/09\/cup-\u00e0-customiser.jpg","width":1600,"height":945},{"@type":"BreadcrumbList","@id":"https:\/\/evokup.com\/produit\/evokup-personnalises\/#breadcrumb","itemListElement":[{"@type":"ListItem","position":1,"name":"Accueil","item":"https:\/\/evokup.com\/"},{"@type":"ListItem","position":2,"name":"Shop","item":"https:\/\/evokup.com\/boutique-2\/"},{"@type":"ListItem","position":3,"name":"Votre devis Evokup Sur-Mesure"}]},{"@type":"WebSite","@id":"https:\/\/evokup.com\/#website","url":"https:\/\/evokup.com\/","name":"Evokup","description":"Drink &amp; Move","publisher":{"@id":"https:\/\/evokup.com\/#organization"},"potentialAction":[{"@type":"SearchAction","target":{"@type":"EntryPoint","urlTemplate":"https:\/\/evokup.com\/?s={search_term_string}"},"query-input":{"@type":"PropertyValueSpecification","valueRequired":true,"valueName":"search_term_string"}}],"inLanguage":"es"},{"@type":"Organization","@id":"https:\/\/evokup.com\/#organization","name":"Evokup","url":"https:\/\/evokup.com\/","logo":{"@type":"ImageObject","inLanguage":"es","@id":"https:\/\/evokup.com\/#\/schema\/logo\/image\/","url":"https:\/\/evokup.com\/wp-content\/uploads\/2018\/10\/logo-evokup-alone-75-x-163.jpg","contentUrl":"https:\/\/evokup.com\/wp-content\/uploads\/2018\/10\/logo-evokup-alone-75-x-163.jpg","width":163,"height":75,"caption":"Evokup"},"image":{"@id":"https:\/\/evokup.com\/#\/schema\/logo\/image\/"},"sameAs":["https:\/\/www.facebook.com\/Evokup\/","https:\/\/www.instagram.com\/Evokup\/"]}]}},"_links":{"self":[{"href":"https:\/\/evokup.com\/es\/wp-json\/wp\/v2\/product\/8169"}],"collection":[{"href":"https:\/\/evokup.com\/es\/wp-json\/wp\/v2\/product"}],"about":[{"href":"https:\/\/evokup.com\/es\/wp-json\/wp\/v2\/types\/product"}],"wp:featuredmedia":[{"embeddable":true,"href":"https:\/\/evokup.com\/es\/wp-json\/wp\/v2\/media\/8478"}],"wp:attachment":[{"href":"https:\/\/evokup.com\/es\/wp-json\/wp\/v2\/media?parent=8169"}],"wp:term":[{"taxonomy":"product_brand","embeddable":true,"href":"https:\/\/evokup.com\/es\/wp-json\/wp\/v2\/product_brand?post=8169"},{"taxonomy":"product_cat","embeddable":true,"href":"https:\/\/evokup.com\/es\/wp-json\/wp\/v2\/product_cat?post=8169"},{"taxonomy":"product_tag","embeddable":true,"href":"https:\/\/evokup.com\/es\/wp-json\/wp\/v2\/product_tag?post=8169"}],"curies":[{"name":"wp","href":"https:\/\/api.w.org\/{rel}","templated":true}]}}